{"id":52,"date":"2020-06-05T03:23:21","date_gmt":"2020-06-05T03:23:21","guid":{"rendered":"https:\/\/www.demoapus-wp1.com\/qxygen\/?page_id=52"},"modified":"2025-05-23T14:38:22","modified_gmt":"2025-05-23T14:38:22","slug":"kurumsal","status":"publish","type":"page","link":"https:\/\/www.anfaguvenlik.com.tr\/?page_id=52","title":{"rendered":"Kurumsal"},"content":{"rendered":"\t\t<div data-elementor-type=\"wp-page\" data-elementor-id=\"52\" class=\"elementor elementor-52\" data-elementor-settings=\"[]\">\n\t\t\t\t\t\t\t<div class=\"elementor-section-wrap\">\n\t\t\t\t\t\t\t<section class=\"elementor-section elementor-top-section elementor-element elementor-element-43f91a93 elementor-reverse-tablet elementor-reverse-mobile elementor-section-full_width elementor-section-stretched elementor-section-height-default elementor-section-height-default\" data-id=\"43f91a93\" data-element_type=\"section\" data-settings=\"{&quot;background_background&quot;:&quot;classic&quot;,&quot;stretch_section&quot;:&quot;section-stretched&quot;}\">\n\t\t\t\t\t\t<div class=\"elementor-container elementor-column-gap-default\">\n\t\t\t\t\t<div class=\"elementor-column elementor-col-33 elementor-top-column elementor-element elementor-element-69b32411 elementor-hidden-tablet elementor-hidden-phone\" data-id=\"69b32411\" data-element_type=\"column\">\n\t\t\t<div class=\"elementor-widget-wrap elementor-element-populated\">\n\t\t\t\t\t\t\t\t<div class=\"elementor-element elementor-element-503ef514 elementor-align-left elementor-icon-list--layout-traditional elementor-list-item-link-full_width elementor-widget elementor-widget-icon-list\" data-id=\"503ef514\" data-element_type=\"widget\" data-widget_type=\"icon-list.default\">\n\t\t\t\t<div class=\"elementor-widget-container\">\n\t\t\t\t\t<ul class=\"elementor-icon-list-items\">\n\t\t\t\t\t\t\t<li class=\"elementor-icon-list-item\">\n\t\t\t\t\t\t\t\t\t\t\t<a href=\"#\">\n\n\t\t\t\t\t\t\t\t\t\t\t\t<span class=\"elementor-icon-list-icon\">\n\t\t\t\t\t\t\t<i aria-hidden=\"true\" class=\"lastudioicon lastudioicon-arrow-right\"><\/i>\t\t\t\t\t\t<\/span>\n\t\t\t\t\t\t\t\t\t\t<span class=\"elementor-icon-list-text\">Hakk\u0131m\u0131zda<\/span>\n\t\t\t\t\t\t\t\t\t\t\t<\/a>\n\t\t\t\t\t\t\t\t\t<\/li>\n\t\t\t\t\t\t\t\t<li class=\"elementor-icon-list-item\">\n\t\t\t\t\t\t\t\t\t\t\t<a href=\"http:\/\/www.anfaguvenlik.com.tr\/?page_id=2399\">\n\n\t\t\t\t\t\t\t\t\t\t\t\t<span class=\"elementor-icon-list-icon\">\n\t\t\t\t\t\t\t<i aria-hidden=\"true\" class=\"lastudioicon lastudioicon-arrow-right\"><\/i>\t\t\t\t\t\t<\/span>\n\t\t\t\t\t\t\t\t\t\t<span class=\"elementor-icon-list-text\">Belediye Ba\u015fkan\u0131<\/span>\n\t\t\t\t\t\t\t\t\t\t\t<\/a>\n\t\t\t\t\t\t\t\t\t<\/li>\n\t\t\t\t\t\t\t\t<li class=\"elementor-icon-list-item\">\n\t\t\t\t\t\t\t\t\t\t\t<a href=\"http:\/\/www.anfaguvenlik.com.tr\/?page_id=2410\">\n\n\t\t\t\t\t\t\t\t\t\t\t\t<span class=\"elementor-icon-list-icon\">\n\t\t\t\t\t\t\t<i aria-hidden=\"true\" class=\"lastudioicon lastudioicon-arrow-right\"><\/i>\t\t\t\t\t\t<\/span>\n\t\t\t\t\t\t\t\t\t\t<span class=\"elementor-icon-list-text\">Genel M\u00fcd\u00fcr<\/span>\n\t\t\t\t\t\t\t\t\t\t\t<\/a>\n\t\t\t\t\t\t\t\t\t<\/li>\n\t\t\t\t\t\t\t\t<li class=\"elementor-icon-list-item\">\n\t\t\t\t\t\t\t\t\t\t\t<a href=\"http:\/\/www.anfaguvenlik.com.tr\/?page_id=2483\">\n\n\t\t\t\t\t\t\t\t\t\t\t\t<span class=\"elementor-icon-list-icon\">\n\t\t\t\t\t\t\t<i aria-hidden=\"true\" class=\"lastudioicon lastudioicon-arrow-right\"><\/i>\t\t\t\t\t\t<\/span>\n\t\t\t\t\t\t\t\t\t\t<span class=\"elementor-icon-list-text\">Y\u00f6netim<\/span>\n\t\t\t\t\t\t\t\t\t\t\t<\/a>\n\t\t\t\t\t\t\t\t\t<\/li>\n\t\t\t\t\t\t\t\t<li class=\"elementor-icon-list-item\">\n\t\t\t\t\t\t\t\t\t\t\t<a href=\"http:\/\/www.anfaguvenlik.com.tr\/?page_id=2415\">\n\n\t\t\t\t\t\t\t\t\t\t\t\t<span class=\"elementor-icon-list-icon\">\n\t\t\t\t\t\t\t<i aria-hidden=\"true\" class=\"lastudioicon lastudioicon-arrow-right\"><\/i>\t\t\t\t\t\t<\/span>\n\t\t\t\t\t\t\t\t\t\t<span class=\"elementor-icon-list-text\">Misyon & Vizyon<\/span>\n\t\t\t\t\t\t\t\t\t\t\t<\/a>\n\t\t\t\t\t\t\t\t\t<\/li>\n\t\t\t\t\t\t\t\t<li class=\"elementor-icon-list-item\">\n\t\t\t\t\t\t\t\t\t\t\t<a href=\"http:\/\/www.anfaguvenlik.com.tr\/?page_id=2430\">\n\n\t\t\t\t\t\t\t\t\t\t\t\t<span class=\"elementor-icon-list-icon\">\n\t\t\t\t\t\t\t<i aria-hidden=\"true\" class=\"lastudioicon lastudioicon-arrow-right\"><\/i>\t\t\t\t\t\t<\/span>\n\t\t\t\t\t\t\t\t\t\t<span class=\"elementor-icon-list-text\">Kalite Politikam\u0131z<\/span>\n\t\t\t\t\t\t\t\t\t\t\t<\/a>\n\t\t\t\t\t\t\t\t\t<\/li>\n\t\t\t\t\t\t<\/ul>\n\t\t\t\t<\/div>\n\t\t\t\t<\/div>\n\t\t\t\t\t<\/div>\n\t\t<\/div>\n\t\t\t\t<div class=\"elementor-column elementor-col-66 elementor-top-column elementor-element elementor-element-1650c23\" data-id=\"1650c23\" data-element_type=\"column\">\n\t\t\t<div class=\"elementor-widget-wrap elementor-element-populated\">\n\t\t\t\t\t\t\t\t<div class=\"elementor-element elementor-element-44a22f17 elementor-widget elementor-widget-heading\" data-id=\"44a22f17\" data-element_type=\"widget\" data-widget_type=\"heading.default\">\n\t\t\t\t<div class=\"elementor-widget-container\">\n\t\t\t<h4 class=\"elementor-heading-title elementor-size-default\">Hakk\u0131m\u0131zda<\/h4>\t\t<\/div>\n\t\t\t\t<\/div>\n\t\t\t\t<div class=\"elementor-element elementor-element-4fdf91e8 elementor-widget elementor-widget-text-editor\" data-id=\"4fdf91e8\" data-element_type=\"widget\" data-widget_type=\"text-editor.default\">\n\t\t\t\t<div class=\"elementor-widget-container\">\n\t\t\t\t\t\t\t<p>1992 y\u0131l\u0131nda \u00f6zel gu\u0308venlik hizmeti sunmaya ba\u015flayan <strong>ANFA G\u00dcVENL\u0130K<\/strong>, 30 y\u0131l\u0131 a\u015fk\u0131n tecru\u0308besi, uzman y\u00f6netim kadrosu ve binlerce personeliyle can ve\u00a0mal gu\u0308venli\u011fini korumaya y\u00f6nelik gu\u0308venlik hizmeti vermektedir.\u00a0<\/p><p>\u015eirket sermayemizin tamam\u0131 T.C. ANKARA B\u00dcY\u00dcK\u015eEH\u0130R BELED\u0130YES\u0130 \u0130\u015ftiraki olan ANFA ANKARA ALTINPARK \u0130\u015eLETMELER\u0130 LTD. \u015eT\u0130.&#8217; ye aittir.<\/p><p>Sekt\u00f6ru\u0308nde ciddiyetin ve gu\u0308venin sembolu\u0308 olan ANFA G\u00dcVENL\u0130K, lider bir\u00a0kamu \u015firketi olarak kurdu\u011fu e\u011fitim kurumuyla \u00f6zel gu\u0308venlik sekt\u00f6ru\u0308nde rol\u00a0almak isteyen binlerce insan\u0131 sertifikaland\u0131r\u0131yor.<\/p><p>Gu\u0308venli\u011fin ki\u015fi, kurum ve\u00a0toplumun en temel ihtiyac\u0131 oldu\u011fu du\u0308\u015fu\u0308ncesinden hareket ederek kaliteli\u00a0gu\u0308venlik hizmetinin nitelikli e\u011fitimden ge\u00e7ti\u011fini kabul eden ANFA G\u00dcVENL\u0130K,\u00a0uzman e\u011fiticilerden olu\u015fan bir kadroyla nitelikli e\u011fitimler vermektedir.<\/p><p>5188\u00a0say\u0131l\u0131 yasa kapsam\u0131nda e\u011fitim g\u00f6ren kursiyerler, uygulanan s\u0131navlarda %98 ba\u015far\u0131 elde etmi\u015ftir.<\/p><p>\u00c7al\u0131\u015fmalar\u0131nda \u00f6du\u0308l, k\u0131dem ve liyakat sistemiyle\u00a0hakkaniyet ve adalet prensiplerini esas alarak hareket eden ANFA G\u00dcVENL\u0130K hizmet i\u00e7i e\u011fitime tabi tutulan personelinin moral, motivasyon ve verim\u00a0y\u00f6nu\u0308nden oldu\u011fu kadar fizik\u00ee ve du\u0308\u015fu\u0308nsel y\u00f6nlerden de bilgi birikimlerine\u00a0\u00f6nem vermektedir.\u00a0<\/p><p>G\u00f6rev k\u00f6pekli gu\u0308venlik hizmetlerinden su u\u0308stu\u0308 devriye ve\u00a0gu\u0308venlik hizmetine, motorlu devriye gu\u0308venlik hizmetinden spor, aktivite ve\u00a0tesis gu\u0308venli\u011fi hizmetlerine kadar bir\u00e7ok alanda uzmanla\u015fm\u0131\u015f personeliyle\u00a0ye\u015fil alanlar, parklar, mezarl\u0131klar, barajlar, spor tesisleri ve stratejik tesislerde\u00a0gu\u0308venlik hizmeti sa\u011flayan ANFA G\u00dcVENL\u0130K, huzurlu bir kent hayat\u0131 i\u00e7in\u00a0profesyonel bir yakla\u015f\u0131mla \u00e7al\u0131\u015fmaya devam etmektedir.\u00a0<\/p><p>Koruma ve Gu\u0308venlik Hizmeti almak isteyen \u00f6zel sekt\u00f6r, kamu kurum ve\u00a0kurulu\u015flar\u0131na dan\u0131\u015fmanl\u0131k hizmeti vererek daha huzurlu ve gu\u0308venli bir u\u0308lke\u00a0olma yolunda katk\u0131 sa\u011flayan ANFA G\u00dcVENL\u0130K, Kalite Y\u00f6netim Sistemi&#8217;ne\u00a0g\u00f6re faaliyetlerini su\u0308rdu\u0308rmektedir.<\/p>\t\t\t\t\t\t<\/div>\n\t\t\t\t<\/div>\n\t\t\t\t\t<\/div>\n\t\t<\/div>\n\t\t\t\t\t\t\t<\/div>\n\t\t<\/section>\n\t\t\t\t<section class=\"elementor-section elementor-top-section elementor-element elementor-element-3c4623b6 elementor-section-stretched elementor-section-content-middle elementor-section-boxed elementor-section-height-default elementor-section-height-default\" data-id=\"3c4623b6\" data-element_type=\"section\" data-settings=\"{&quot;stretch_section&quot;:&quot;section-stretched&quot;,&quot;background_background&quot;:&quot;classic&quot;}\">\n\t\t\t\t\t\t<div class=\"elementor-container elementor-column-gap-extended\">\n\t\t\t\t\t<div class=\"elementor-column elementor-col-33 elementor-top-column elementor-element elementor-element-288099b5\" data-id=\"288099b5\" data-element_type=\"column\">\n\t\t\t<div class=\"elementor-widget-wrap elementor-element-populated\">\n\t\t\t\t\t\t\t\t<div class=\"elementor-element elementor-element-6e8d8682 elementor-widget elementor-widget-heading\" data-id=\"6e8d8682\" data-element_type=\"widget\" data-widget_type=\"heading.default\">\n\t\t\t\t<div class=\"elementor-widget-container\">\n\t\t\t<h2 class=\"elementor-heading-title elementor-size-default\">ANFA G\u00dcVENL\u0130K\n30 Y\u0131l\u0131 A\u015fk\u0131n\nTecr\u00fcbesi ile\nyan\u0131n\u0131zda...<\/h2>\t\t<\/div>\n\t\t\t\t<\/div>\n\t\t\t\t<div class=\"elementor-element elementor-element-170306a elementor-widget elementor-widget-text-editor\" data-id=\"170306a\" data-element_type=\"widget\" data-widget_type=\"text-editor.default\">\n\t\t\t\t<div class=\"elementor-widget-container\">\n\t\t\t\t\t\t\t<div class=\"space-20\"><p>G\u00f6rev u\u0308stlenilen mahallerde uzman personel taraf\u0131ndan yap\u0131lan risk ve zaafiyet analizleri do\u011frultusunda olu\u015fturulan gu\u0308venlik kadrosu ile etkin gu\u0308venlik hizmeti sa\u011flamaktad\u0131r.<\/p><\/div>\t\t\t\t\t\t<\/div>\n\t\t\t\t<\/div>\n\t\t\t\t<div class=\"elementor-element elementor-element-2c49b194 elementor-widget elementor-widget-heading\" data-id=\"2c49b194\" data-element_type=\"widget\" data-widget_type=\"heading.default\">\n\t\t\t\t<div class=\"elementor-widget-container\">\n\t\t\t<div class=\"elementor-heading-title elementor-size-default\"><a class=\"text-second text-underline\" href=\"#\">B\u0130ZE ULA\u015eIN<\/a><\/div>\t\t<\/div>\n\t\t\t\t<\/div>\n\t\t\t\t\t<\/div>\n\t\t<\/div>\n\t\t\t\t<div class=\"elementor-column elementor-col-33 elementor-top-column elementor-element elementor-element-7b07730b elementor-hidden-tablet elementor-hidden-phone\" data-id=\"7b07730b\" data-element_type=\"column\">\n\t\t\t<div class=\"elementor-widget-wrap\">\n\t\t\t\t\t\t\t\t\t<\/div>\n\t\t<\/div>\n\t\t\t\t<div class=\"elementor-column elementor-col-33 elementor-top-column elementor-element elementor-element-4a530dc9\" data-id=\"4a530dc9\" data-element_type=\"column\">\n\t\t\t<div class=\"elementor-widget-wrap elementor-element-populated\">\n\t\t\t\t\t\t\t\t<div class=\"elementor-element elementor-element-3579e6ff elementor-widget elementor-widget-apus_element_banner\" data-id=\"3579e6ff\" data-element_type=\"widget\" data-widget_type=\"apus_element_banner.default\">\n\t\t\t\t<div class=\"elementor-widget-container\">\n\t\t\t        <div class=\"widget-banner  style3\">\n            \n                                    <div class=\"banner-image\">\n                        <div class=\"image-wrapper\"><img loading=\"lazy\" decoding=\"async\" width=\"746\" height=\"551\" src=\"https:\/\/www.anfaguvenlik.com.tr\/wp-content\/uploads\/2021\/06\/logo-as4.jpg\" class=\"attachment-full size-full\" alt=\"\" srcset=\"https:\/\/www.anfaguvenlik.com.tr\/wp-content\/uploads\/2021\/06\/logo-as4.jpg 746w, https:\/\/www.anfaguvenlik.com.tr\/wp-content\/uploads\/2021\/06\/logo-as4-300x222.jpg 300w\" sizes=\"auto, (max-width: 746px) 100vw, 746px\" \/><\/div>                    <\/div>\n                \n            \n                            <div class=\"banner-image-top st_right\">                    \n                    <div class=\"image-wrapper\"><img loading=\"lazy\" decoding=\"async\" width=\"173\" height=\"194\" src=\"https:\/\/www.anfaguvenlik.com.tr\/wp-content\/uploads\/2020\/06\/hover_bg.png\" class=\"attachment-full size-full\" alt=\"\" \/><\/div>                <\/div>\n            \n                    <\/div>\n        \t\t<\/div>\n\t\t\t\t<\/div>\n\t\t\t\t\t<\/div>\n\t\t<\/div>\n\t\t\t\t\t\t\t<\/div>\n\t\t<\/section>\n\t\t\t\t<section class=\"elementor-section elementor-top-section elementor-element elementor-element-93cc20c elementor-section-stretched elementor-section-boxed elementor-section-height-default elementor-section-height-default\" data-id=\"93cc20c\" data-element_type=\"section\" data-settings=\"{&quot;stretch_section&quot;:&quot;section-stretched&quot;}\">\n\t\t\t\t\t\t<div class=\"elementor-container elementor-column-gap-extended\">\n\t\t\t\t\t<div class=\"elementor-column elementor-col-50 elementor-top-column elementor-element elementor-element-ca08c79\" data-id=\"ca08c79\" data-element_type=\"column\" data-settings=\"{&quot;background_background&quot;:&quot;classic&quot;}\">\n\t\t\t<div class=\"elementor-widget-wrap elementor-element-populated\">\n\t\t\t\t\t\t\t\t<section class=\"elementor-section elementor-inner-section elementor-element elementor-element-17b63c1 elementor-section-boxed elementor-section-height-default elementor-section-height-default\" data-id=\"17b63c1\" data-element_type=\"section\">\n\t\t\t\t\t\t<div class=\"elementor-container elementor-column-gap-narrow\">\n\t\t\t\t\t<div class=\"elementor-column elementor-col-25 elementor-inner-column elementor-element elementor-element-ab1561a\" data-id=\"ab1561a\" data-element_type=\"column\">\n\t\t\t<div class=\"elementor-widget-wrap elementor-element-populated\">\n\t\t\t\t\t\t\t\t<div class=\"elementor-element elementor-element-90515c3 st_theme elementor-widget elementor-widget-counter\" data-id=\"90515c3\" data-element_type=\"widget\" data-widget_type=\"counter.default\">\n\t\t\t\t<div class=\"elementor-widget-container\">\n\t\t\t\t\t<div class=\"elementor-counter\">\n\t\t\t<div class=\"elementor-counter-number-wrapper\">\n\t\t\t\t<span class=\"elementor-counter-number-prefix\"><\/span>\n\t\t\t\t<span class=\"elementor-counter-number\" data-duration=\"2000\" data-to-value=\"297\" data-from-value=\"0\" data-delimiter=\",\">0<\/span>\n\t\t\t\t<span class=\"elementor-counter-number-suffix\"> +<\/span>\n\t\t\t<\/div>\n\t\t\t\t\t\t\t<div class=\"elementor-counter-title\">\u0130\u015eYER\u0130<\/div>\n\t\t\t\t\t<\/div>\n\t\t\t\t<\/div>\n\t\t\t\t<\/div>\n\t\t\t\t\t<\/div>\n\t\t<\/div>\n\t\t\t\t<div class=\"elementor-column elementor-col-25 elementor-inner-column elementor-element elementor-element-b365cad\" data-id=\"b365cad\" data-element_type=\"column\">\n\t\t\t<div class=\"elementor-widget-wrap elementor-element-populated\">\n\t\t\t\t\t\t\t\t<div class=\"elementor-element elementor-element-860f441 st_theme elementor-widget elementor-widget-counter\" data-id=\"860f441\" data-element_type=\"widget\" data-widget_type=\"counter.default\">\n\t\t\t\t<div class=\"elementor-widget-container\">\n\t\t\t\t\t<div class=\"elementor-counter\">\n\t\t\t<div class=\"elementor-counter-number-wrapper\">\n\t\t\t\t<span class=\"elementor-counter-number-prefix\"><\/span>\n\t\t\t\t<span class=\"elementor-counter-number\" data-duration=\"2000\" data-to-value=\"3583\" data-from-value=\"0\" data-delimiter=\",\">0<\/span>\n\t\t\t\t<span class=\"elementor-counter-number-suffix\"> +<\/span>\n\t\t\t<\/div>\n\t\t\t\t\t\t\t<div class=\"elementor-counter-title\">PERSONEL <\/div>\n\t\t\t\t\t<\/div>\n\t\t\t\t<\/div>\n\t\t\t\t<\/div>\n\t\t\t\t\t<\/div>\n\t\t<\/div>\n\t\t\t\t<div class=\"elementor-column elementor-col-25 elementor-inner-column elementor-element elementor-element-6322096\" data-id=\"6322096\" data-element_type=\"column\">\n\t\t\t<div class=\"elementor-widget-wrap elementor-element-populated\">\n\t\t\t\t\t\t\t\t<div class=\"elementor-element elementor-element-cceae10 st_theme elementor-widget elementor-widget-counter\" data-id=\"cceae10\" data-element_type=\"widget\" data-widget_type=\"counter.default\">\n\t\t\t\t<div class=\"elementor-widget-container\">\n\t\t\t\t\t<div class=\"elementor-counter\">\n\t\t\t<div class=\"elementor-counter-number-wrapper\">\n\t\t\t\t<span class=\"elementor-counter-number-prefix\"><\/span>\n\t\t\t\t<span class=\"elementor-counter-number\" data-duration=\"2000\" data-to-value=\"32\" data-from-value=\"0\" data-delimiter=\",\">0<\/span>\n\t\t\t\t<span class=\"elementor-counter-number-suffix\"> +<\/span>\n\t\t\t<\/div>\n\t\t\t\t\t\t\t<div class=\"elementor-counter-title\">YIL DENEY\u0130M<\/div>\n\t\t\t\t\t<\/div>\n\t\t\t\t<\/div>\n\t\t\t\t<\/div>\n\t\t\t\t\t<\/div>\n\t\t<\/div>\n\t\t\t\t<div class=\"elementor-column elementor-col-25 elementor-inner-column elementor-element elementor-element-17be883\" data-id=\"17be883\" data-element_type=\"column\">\n\t\t\t<div class=\"elementor-widget-wrap elementor-element-populated\">\n\t\t\t\t\t\t\t\t<div class=\"elementor-element elementor-element-ca6e6e7 st_theme elementor-widget elementor-widget-counter\" data-id=\"ca6e6e7\" data-element_type=\"widget\" data-widget_type=\"counter.default\">\n\t\t\t\t<div class=\"elementor-widget-container\">\n\t\t\t\t\t<div class=\"elementor-counter\">\n\t\t\t<div class=\"elementor-counter-number-wrapper\">\n\t\t\t\t<span class=\"elementor-counter-number-prefix\"><\/span>\n\t\t\t\t<span class=\"elementor-counter-number\" data-duration=\"2000\" data-to-value=\"97\" data-from-value=\"0\" data-delimiter=\",\">0<\/span>\n\t\t\t\t<span class=\"elementor-counter-number-suffix\"> %<\/span>\n\t\t\t<\/div>\n\t\t\t\t\t\t\t<div class=\"elementor-counter-title\">BA\u015eARI ORANI<\/div>\n\t\t\t\t\t<\/div>\n\t\t\t\t<\/div>\n\t\t\t\t<\/div>\n\t\t\t\t\t<\/div>\n\t\t<\/div>\n\t\t\t\t\t\t\t<\/div>\n\t\t<\/section>\n\t\t\t\t\t<\/div>\n\t\t<\/div>\n\t\t\t\t<div class=\"elementor-column elementor-col-50 elementor-top-column elementor-element elementor-element-9c11d30 elementor-hidden-tablet elementor-hidden-phone\" data-id=\"9c11d30\" data-element_type=\"column\">\n\t\t\t<div class=\"elementor-widget-wrap\">\n\t\t\t\t\t\t\t\t\t<\/div>\n\t\t<\/div>\n\t\t\t\t\t\t\t<\/div>\n\t\t<\/section>\n\t\t\t\t<section class=\"elementor-section elementor-top-section elementor-element elementor-element-3188006d elementor-section-boxed elementor-section-height-default elementor-section-height-default\" data-id=\"3188006d\" data-element_type=\"section\" data-settings=\"{&quot;background_background&quot;:&quot;classic&quot;}\">\n\t\t\t\t\t\t<div class=\"elementor-container elementor-column-gap-default\">\n\t\t\t\t\t<div class=\"elementor-column elementor-col-100 elementor-top-column elementor-element elementor-element-167c2a45\" data-id=\"167c2a45\" data-element_type=\"column\">\n\t\t\t<div class=\"elementor-widget-wrap elementor-element-populated\">\n\t\t\t\t\t\t\t\t<div class=\"elementor-element elementor-element-26df776 elementor-widget-divider--view-line elementor-widget elementor-widget-divider\" data-id=\"26df776\" data-element_type=\"widget\" data-widget_type=\"divider.default\">\n\t\t\t\t<div class=\"elementor-widget-container\">\n\t\t\t\t\t<div class=\"elementor-divider\">\n\t\t\t<span class=\"elementor-divider-separator\">\n\t\t\t\t\t\t<\/span>\n\t\t<\/div>\n\t\t\t\t<\/div>\n\t\t\t\t<\/div>\n\t\t\t\t<div class=\"elementor-element elementor-element-274349b9 elementor-invisible elementor-widget elementor-widget-heading\" data-id=\"274349b9\" data-element_type=\"widget\" data-settings=\"{&quot;_animation&quot;:&quot;fadeIn&quot;}\" data-widget_type=\"heading.default\">\n\t\t\t\t<div class=\"elementor-widget-container\">\n\t\t\t<h2 class=\"elementor-heading-title elementor-size-default\">BASIN ODASI<\/h2>\t\t<\/div>\n\t\t\t\t<\/div>\n\t\t\t\t<section class=\"elementor-section elementor-inner-section elementor-element elementor-element-4c5cfee6 elementor-section-boxed elementor-section-height-default elementor-section-height-default elementor-invisible\" data-id=\"4c5cfee6\" data-element_type=\"section\" data-settings=\"{&quot;animation&quot;:&quot;fadeInUp&quot;}\">\n\t\t\t\t\t\t<div class=\"elementor-container elementor-column-gap-default\">\n\t\t\t\t\t<div class=\"elementor-column elementor-col-33 elementor-inner-column elementor-element elementor-element-110d08d5\" data-id=\"110d08d5\" data-element_type=\"column\" data-settings=\"{&quot;background_background&quot;:&quot;classic&quot;}\">\n\t\t\t<div class=\"elementor-widget-wrap elementor-element-populated\">\n\t\t\t\t\t\t\t\t<div class=\"elementor-element elementor-element-a4b45e4 elementor-view-default elementor-widget elementor-widget-icon\" data-id=\"a4b45e4\" data-element_type=\"widget\" data-widget_type=\"icon.default\">\n\t\t\t\t<div class=\"elementor-widget-container\">\n\t\t\t\t\t<div class=\"elementor-icon-wrapper\">\n\t\t\t<div class=\"elementor-icon\">\n\t\t\t<i aria-hidden=\"true\" class=\"far fa-newspaper\"><\/i>\t\t\t<\/div>\n\t\t<\/div>\n\t\t\t\t<\/div>\n\t\t\t\t<\/div>\n\t\t\t\t<div class=\"elementor-element elementor-element-4e4c83ca elementor-position-top elementor-vertical-align-top elementor-widget elementor-widget-image-box\" data-id=\"4e4c83ca\" data-element_type=\"widget\" data-widget_type=\"image-box.default\">\n\t\t\t\t<div class=\"elementor-widget-container\">\n\t\t\t<div class=\"elementor-image-box-wrapper\"><div class=\"elementor-image-box-content\"><h3 class=\"elementor-image-box-title\">Anfa G\u00fcvenlik B\u00fclten<\/h3><p class=\"elementor-image-box-description\">Aktivitelermiz hakk\u0131nda bas\u0131n b\u00fcltenlerine ula\u015fabilir, yaz\u0131l\u0131, g\u00f6rsel ve i\u015fitsel bas\u0131nda kullanabilirsiniz.<\/p><\/div><\/div>\t\t<\/div>\n\t\t\t\t<\/div>\n\t\t\t\t\t<\/div>\n\t\t<\/div>\n\t\t\t\t<div class=\"elementor-column elementor-col-33 elementor-inner-column elementor-element elementor-element-1546846a\" data-id=\"1546846a\" data-element_type=\"column\" data-settings=\"{&quot;background_background&quot;:&quot;classic&quot;}\">\n\t\t\t<div class=\"elementor-widget-wrap elementor-element-populated\">\n\t\t\t\t\t\t\t\t<div class=\"elementor-element elementor-element-2f79f389 elementor-view-default elementor-widget elementor-widget-icon\" data-id=\"2f79f389\" data-element_type=\"widget\" data-widget_type=\"icon.default\">\n\t\t\t\t<div class=\"elementor-widget-container\">\n\t\t\t\t\t<div class=\"elementor-icon-wrapper\">\n\t\t\t<div class=\"elementor-icon\">\n\t\t\t<i aria-hidden=\"true\" class=\"far fa-file-video\"><\/i>\t\t\t<\/div>\n\t\t<\/div>\n\t\t\t\t<\/div>\n\t\t\t\t<\/div>\n\t\t\t\t<div class=\"elementor-element elementor-element-23539c75 elementor-position-top elementor-vertical-align-top elementor-widget elementor-widget-image-box\" data-id=\"23539c75\" data-element_type=\"widget\" data-widget_type=\"image-box.default\">\n\t\t\t\t<div class=\"elementor-widget-container\">\n\t\t\t<div class=\"elementor-image-box-wrapper\"><div class=\"elementor-image-box-content\"><h3 class=\"elementor-image-box-title\">Tan\u0131t\u0131m Filmleri<\/h3><p class=\"elementor-image-box-description\">\u015eirketimize ait t\u00fcm televizyon reklam filmlerini ve kurumsal tan\u0131t\u0131m videolar\u0131n\u0131 bu b\u00f6l\u00fcmden izleyebilirsiniz.\n<br>\n<br>\n\n<\/p><\/div><\/div>\t\t<\/div>\n\t\t\t\t<\/div>\n\t\t\t\t\t<\/div>\n\t\t<\/div>\n\t\t\t\t<div class=\"elementor-column elementor-col-33 elementor-inner-column elementor-element elementor-element-7855b45d\" data-id=\"7855b45d\" data-element_type=\"column\" data-settings=\"{&quot;background_background&quot;:&quot;classic&quot;}\">\n\t\t\t<div class=\"elementor-widget-wrap elementor-element-populated\">\n\t\t\t\t\t\t\t\t<div class=\"elementor-element elementor-element-a5c888f elementor-view-default elementor-widget elementor-widget-icon\" data-id=\"a5c888f\" data-element_type=\"widget\" data-widget_type=\"icon.default\">\n\t\t\t\t<div class=\"elementor-widget-container\">\n\t\t\t\t\t<div class=\"elementor-icon-wrapper\">\n\t\t\t<div class=\"elementor-icon\">\n\t\t\t<i aria-hidden=\"true\" class=\"fas fa-tv\"><\/i>\t\t\t<\/div>\n\t\t<\/div>\n\t\t\t\t<\/div>\n\t\t\t\t<\/div>\n\t\t\t\t<div class=\"elementor-element elementor-element-33432c69 elementor-position-top elementor-vertical-align-top elementor-widget elementor-widget-image-box\" data-id=\"33432c69\" data-element_type=\"widget\" data-widget_type=\"image-box.default\">\n\t\t\t\t<div class=\"elementor-widget-container\">\n\t\t\t<div class=\"elementor-image-box-wrapper\"><div class=\"elementor-image-box-content\"><h3 class=\"elementor-image-box-title\">Medyada Biz<\/h3><p class=\"elementor-image-box-description\">Yaz\u0131l\u0131 bas\u0131nda ve sekt\u00f6r dergilerinde \u00e7\u0131km\u0131\u015f t\u00fcm haberlerimize buradan ula\u015fabilirsiniz.\n<br>\n<br>\n\n<\/p><\/div><\/div>\t\t<\/div>\n\t\t\t\t<\/div>\n\t\t\t\t\t<\/div>\n\t\t<\/div>\n\t\t\t\t\t\t\t<\/div>\n\t\t<\/section>\n\t\t\t\t\t<\/div>\n\t\t<\/div>\n\t\t\t\t\t\t\t<\/div>\n\t\t<\/section>\n\t\t\t\t\t\t<\/div>\n\t\t\t\t\t<\/div>\n\t\t","protected":false},"excerpt":{"rendered":"<p>Hakk\u0131m\u0131zda Belediye Ba\u015fkan\u0131 Genel M\u00fcd\u00fcr Y\u00f6netim Misyon &#038; Vizyon Kalite Politikam\u0131z Hakk\u0131m\u0131zda 1992 y\u0131l\u0131nda \u00f6zel gu\u0308venlik hizmeti sunmaya ba\u015flayan ANFA G\u00dcVENL\u0130K, 30 y\u0131l\u0131 a\u015fk\u0131n tecru\u0308besi, uzman y\u00f6netim kadrosu ve binlerce personeliyle can ve\u00a0mal gu\u0308venli\u011fini korumaya y\u00f6nelik gu\u0308venlik hizmeti vermektedir.\u00a0 \u015eirket sermayemizin tamam\u0131 T.C. ANKARA B\u00dcY\u00dcK\u015eEH\u0130R BELED\u0130YES\u0130 \u0130\u015ftiraki olan ANFA ANKARA ALTINPARK \u0130\u015eLETMELER\u0130 LTD. \u015eT\u0130.&#8217; ye &hellip; <br \/><a href=\"https:\/\/www.anfaguvenlik.com.tr\/?page_id=52\" class=\"more-link\">Continue reading <span class=\"screen-reader-text\">Kurumsal<\/span><\/a><\/p>\n","protected":false},"author":1,"featured_media":0,"parent":0,"menu_order":0,"comment_status":"closed","ping_status":"closed","template":"","meta":{"footnotes":""},"class_list":["post-52","page","type-page","status-publish","hentry"],"_links":{"self":[{"href":"https:\/\/www.anfaguvenlik.com.tr\/index.php?rest_route=\/wp\/v2\/pages\/52","targetHints":{"allow":["GET"]}}],"collection":[{"href":"https:\/\/www.anfaguvenlik.com.tr\/index.php?rest_route=\/wp\/v2\/pages"}],"about":[{"href":"https:\/\/www.anfaguvenlik.com.tr\/index.php?rest_route=\/wp\/v2\/types\/page"}],"author":[{"embeddable":true,"href":"https:\/\/www.anfaguvenlik.com.tr\/index.php?rest_route=\/wp\/v2\/users\/1"}],"replies":[{"embeddable":true,"href":"https:\/\/www.anfaguvenlik.com.tr\/index.php?rest_route=%2Fwp%2Fv2%2Fcomments&post=52"}],"version-history":[{"count":63,"href":"https:\/\/www.anfaguvenlik.com.tr\/index.php?rest_route=\/wp\/v2\/pages\/52\/revisions"}],"predecessor-version":[{"id":3466,"href":"https:\/\/www.anfaguvenlik.com.tr\/index.php?rest_route=\/wp\/v2\/pages\/52\/revisions\/3466"}],"wp:attachment":[{"href":"https:\/\/www.anfaguvenlik.com.tr\/index.php?rest_route=%2Fwp%2Fv2%2Fmedia&parent=52"}],"curies":[{"name":"wp","href":"https:\/\/api.w.org\/{rel}","templated":true}]}}