{"id":3569,"date":"2025-10-10T07:39:39","date_gmt":"2025-10-10T07:39:39","guid":{"rendered":"https:\/\/www.anfaguvenlik.com.tr\/?page_id=3569"},"modified":"2025-12-19T13:02:04","modified_gmt":"2025-12-19T13:02:04","slug":"kvkk","status":"publish","type":"page","link":"https:\/\/www.anfaguvenlik.com.tr\/?page_id=3569","title":{"rendered":"KVKK"},"content":{"rendered":"\t\t<div data-elementor-type=\"wp-page\" data-elementor-id=\"3569\" class=\"elementor elementor-3569\" data-elementor-settings=\"[]\">\n\t\t\t\t\t\t\t<div class=\"elementor-section-wrap\">\n\t\t\t\t\t\t\t<section class=\"elementor-section elementor-top-section elementor-element elementor-element-03b6ca2 elementor-section-boxed elementor-section-height-default elementor-section-height-default\" data-id=\"03b6ca2\" data-element_type=\"section\">\n\t\t\t\t\t\t<div class=\"elementor-container elementor-column-gap-default\">\n\t\t\t\t\t<div class=\"elementor-column elementor-col-100 elementor-top-column elementor-element elementor-element-e4bc971\" data-id=\"e4bc971\" data-element_type=\"column\">\n\t\t\t<div class=\"elementor-widget-wrap elementor-element-populated\">\n\t\t\t\t\t\t\t\t<div class=\"elementor-element elementor-element-3e4e0bc elementor-widget elementor-widget-text-editor\" data-id=\"3e4e0bc\" data-element_type=\"widget\" data-widget_type=\"text-editor.default\">\n\t\t\t\t<div class=\"elementor-widget-container\">\n\t\t\t\t\t\t\t<h2><strong>\u00a0 \u00a0 \u00a0 \u00a0 \u00a0 \u00a0 \u00a0 \u00a0 \u00a0 \u00a0 ANFA G\u00dcVENL\u0130K <\/strong><strong>H\u0130ZMETLER\u0130 <\/strong><strong>VE <\/strong><strong>S\u0130STEMLER\u0130 <\/strong><strong>LTD. \u015eT\u0130.<\/strong><\/h2><p><strong>\u00a0 ANFA G\u00dcVENL\u0130K H\u0130ZMETLER\u0130\u00a0 VE S\u0130STEMLER\u0130 LTD. \u015eT\u0130.<\/strong> <strong>\u00a0<\/strong>(bundan b\u00f6yle \u201c<strong>ANFA G\u00dcVENL\u0130K<\/strong>\u201d diye an\u0131lacakt\u0131r.\u201d) olarak \u00e7a\u011fr\u0131 merkezimiz ile g\u00f6r\u00fc\u015fmeniz esnas\u0131nda \u015firketimizce i\u015flenen ki\u015fisel verileriniz hakk\u0131nda sizleri bilgilendirmeyi hedeflemekteyiz.<\/p><p>\u00a0 Anfa G\u00fcvenlik ile ili\u015fkiniz kapsam\u0131nda kimlik bilgileriniz, ileti\u015fim bilgileriniz, i\u015fitsel kay\u0131t verileriniz ve konu\u015fma esnas\u0131nda bizimle payla\u015fman\u0131z halinde di\u011fer ki\u015fisel verileriniz sizlere do\u011fru hitap edilebilmesi, talep, \u015fik\u00e2yet takibinin yap\u0131lmas\u0131 ve cevapland\u0131r\u0131lmas\u0131, hizmet i\u00e7eriklerimiz ile ilgili bilgi aktar\u0131m\u0131n\u0131n ger\u00e7ekle\u015ftirilmesi, hukuk i\u015flerinin takibi ve y\u00fcr\u00fct\u00fclmesi amac\u0131yla i\u015flenmektedir.<\/p><p><strong><br \/><\/strong>\u00a0Ki\u015fisel verileriniz; \u00fc\u00e7\u00fcnc\u00fc ki\u015filer ile payla\u015f\u0131lmamaktad\u0131r.<\/p><p>\u00a0 Ki\u015fisel verileriniz ilgili ki\u015finin temel hak ve \u00f6zg\u00fcrl\u00fcklerine zarar vermemek kayd\u0131yla veri sorumlusunun me\u015fru menfaati i\u00e7in zorunlu olmas\u0131 ve s\u00f6zle\u015fmenin kurulmas\u0131 ve ifas\u0131 hukuki sebebine dayal\u0131 olarak g\u00f6r\u00fc\u015fmemiz esnas\u0131nda telefon yoluyla otomatik olarak i\u015flenmektedir.<\/p><p><strong>\u00a0<\/strong><\/p><p>\u00a0 Ki\u015fisel Verilerin Korunmas\u0131 Kanunu\u2019nun 11. maddesi h\u00fck\u00fcmleri uyar\u0131nca ilgili ki\u015finin haklar\u0131n\u0131 d\u00fczenleyen taleplerinizi \u201cVeri Sorumlusuna Ba\u015fvuru Usul ve Esaslar\u0131 Hakk\u0131nda Tebli\u011f\u201d uyar\u0131nca dilek\u00e7e ile \u2026 adresimize bizzat elden iletebilir, noter kanal\u0131yla ula\u015ft\u0131rabilirsiniz. Bunun yan\u0131nda, Veri Sorumlusuna Ba\u015fvuru Usul ve Esaslar\u0131 Hakk\u0131na Tebli\u011f\u201din 5. maddesi uyar\u0131ca kay\u0131tl\u0131 elektronik posta adresi, g\u00fcvenli elektronik imza, mobil imza ya da ANFA G\u00dcVENL\u0130K\u2019e daha \u00f6nce bildirdi\u011finiz ve sistemlerimizde kay\u0131tl\u0131 bulunan e-posta adresini kullanmak suretiyle [<em>e-posta adresini giriniz<\/em>] adresine iletebilirsiniz.<\/p><p>\u00a0 Anfa G\u00fcvenlik Hizmetleri ve Sistemleri limitet \u015firketi\u00a0 (bundan b\u00f6yle \u201cAnfa G\u00fcvenlik\u201d diye an\u0131lacakt\u0131r.\u201d) olarak \u00e7a\u011fr\u0131 merkezimiz ile g\u00f6r\u00fc\u015fmeniz esnas\u0131nda \u015firketimizce i\u015flenen ki\u015fisel verileriniz hakk\u0131nda sizleri bilgilendirmeyi hedeflemekteyiz.<\/p>\t\t\t\t\t\t<\/div>\n\t\t\t\t<\/div>\n\t\t\t\t\t<\/div>\n\t\t<\/div>\n\t\t\t\t\t\t\t<\/div>\n\t\t<\/section>\n\t\t\t\t\t\t<\/div>\n\t\t\t\t\t<\/div>\n\t\t","protected":false},"excerpt":{"rendered":"<p>\u00a0 \u00a0 \u00a0 \u00a0 \u00a0 \u00a0 \u00a0 \u00a0 \u00a0 \u00a0 ANFA G\u00dcVENL\u0130K H\u0130ZMETLER\u0130 VE S\u0130STEMLER\u0130 LTD. \u015eT\u0130. \u00a0 ANFA G\u00dcVENL\u0130K H\u0130ZMETLER\u0130\u00a0 VE S\u0130STEMLER\u0130 LTD. \u015eT\u0130. \u00a0(bundan b\u00f6yle \u201cANFA G\u00dcVENL\u0130K\u201d diye an\u0131lacakt\u0131r.\u201d) olarak \u00e7a\u011fr\u0131 merkezimiz ile g\u00f6r\u00fc\u015fmeniz esnas\u0131nda \u015firketimizce i\u015flenen ki\u015fisel verileriniz hakk\u0131nda sizleri bilgilendirmeyi hedeflemekteyiz. \u00a0 Anfa G\u00fcvenlik ile ili\u015fkiniz kapsam\u0131nda kimlik bilgileriniz, ileti\u015fim bilgileriniz, &hellip; <br \/><a href=\"https:\/\/www.anfaguvenlik.com.tr\/?page_id=3569\" class=\"more-link\">Continue reading <span class=\"screen-reader-text\">KVKK<\/span><\/a><\/p>\n","protected":false},"author":1,"featured_media":0,"parent":0,"menu_order":0,"comment_status":"closed","ping_status":"closed","template":"","meta":{"footnotes":""},"class_list":["post-3569","page","type-page","status-publish","hentry"],"_links":{"self":[{"href":"https:\/\/www.anfaguvenlik.com.tr\/index.php?rest_route=\/wp\/v2\/pages\/3569","targetHints":{"allow":["GET"]}}],"collection":[{"href":"https:\/\/www.anfaguvenlik.com.tr\/index.php?rest_route=\/wp\/v2\/pages"}],"about":[{"href":"https:\/\/www.anfaguvenlik.com.tr\/index.php?rest_route=\/wp\/v2\/types\/page"}],"author":[{"embeddable":true,"href":"https:\/\/www.anfaguvenlik.com.tr\/index.php?rest_route=\/wp\/v2\/users\/1"}],"replies":[{"embeddable":true,"href":"https:\/\/www.anfaguvenlik.com.tr\/index.php?rest_route=%2Fwp%2Fv2%2Fcomments&post=3569"}],"version-history":[{"count":20,"href":"https:\/\/www.anfaguvenlik.com.tr\/index.php?rest_route=\/wp\/v2\/pages\/3569\/revisions"}],"predecessor-version":[{"id":3653,"href":"https:\/\/www.anfaguvenlik.com.tr\/index.php?rest_route=\/wp\/v2\/pages\/3569\/revisions\/3653"}],"wp:attachment":[{"href":"https:\/\/www.anfaguvenlik.com.tr\/index.php?rest_route=%2Fwp%2Fv2%2Fmedia&parent=3569"}],"curies":[{"name":"wp","href":"https:\/\/api.w.org\/{rel}","templated":true}]}}