{"id":3050,"date":"2022-04-08T09:19:22","date_gmt":"2022-04-08T09:19:22","guid":{"rendered":"https:\/\/www.anfaguvenlik.com.tr\/?page_id=3050"},"modified":"2022-12-15T15:23:57","modified_gmt":"2022-12-15T15:23:57","slug":"egitim-kurumu","status":"publish","type":"page","link":"https:\/\/www.anfaguvenlik.com.tr\/?page_id=3050","title":{"rendered":"E\u011fitim Kurumu"},"content":{"rendered":"\t\t<div data-elementor-type=\"wp-page\" data-elementor-id=\"3050\" class=\"elementor elementor-3050\" data-elementor-settings=\"[]\">\n\t\t\t\t\t\t\t<div class=\"elementor-section-wrap\">\n\t\t\t\t\t\t\t<section class=\"elementor-section elementor-top-section elementor-element elementor-element-085a7ae elementor-section-boxed elementor-section-height-default elementor-section-height-default\" data-id=\"085a7ae\" data-element_type=\"section\">\n\t\t\t\t\t\t<div class=\"elementor-container elementor-column-gap-default\">\n\t\t\t\t\t<div class=\"elementor-column elementor-col-100 elementor-top-column elementor-element elementor-element-717b8e4\" data-id=\"717b8e4\" data-element_type=\"column\">\n\t\t\t<div class=\"elementor-widget-wrap elementor-element-populated\">\n\t\t\t\t\t\t\t\t<div class=\"elementor-element elementor-element-d1e2a22 elementor-widget elementor-widget-shortcode\" data-id=\"d1e2a22\" data-element_type=\"widget\" data-widget_type=\"shortcode.default\">\n\t\t\t\t<div class=\"elementor-widget-container\">\n\t\t\t\t\t<div class=\"elementor-shortcode\"><\/div>\n\t\t\t\t<\/div>\n\t\t\t\t<\/div>\n\t\t\t\t\t<\/div>\n\t\t<\/div>\n\t\t\t\t\t\t\t<\/div>\n\t\t<\/section>\n\t\t\t\t<section class=\"elementor-section elementor-top-section elementor-element elementor-element-cef9fc6 elementor-section-full_width elementor-section-height-default elementor-section-height-default\" data-id=\"cef9fc6\" data-element_type=\"section\">\n\t\t\t\t\t\t<div class=\"elementor-container elementor-column-gap-default\">\n\t\t\t\t\t<div class=\"elementor-column elementor-col-50 elementor-top-column elementor-element elementor-element-e001592\" data-id=\"e001592\" data-element_type=\"column\">\n\t\t\t<div class=\"elementor-widget-wrap elementor-element-populated\">\n\t\t\t\t\t\t\t\t<div class=\"elementor-element elementor-element-605f67b elementor-widget elementor-widget-spacer\" data-id=\"605f67b\" data-element_type=\"widget\" data-widget_type=\"spacer.default\">\n\t\t\t\t<div class=\"elementor-widget-container\">\n\t\t\t\t\t<div class=\"elementor-spacer\">\n\t\t\t<div class=\"elementor-spacer-inner\"><\/div>\n\t\t<\/div>\n\t\t\t\t<\/div>\n\t\t\t\t<\/div>\n\t\t\t\t<div class=\"elementor-element elementor-element-e557a01 elementor-widget elementor-widget-heading\" data-id=\"e557a01\" data-element_type=\"widget\" data-widget_type=\"heading.default\">\n\t\t\t\t<div class=\"elementor-widget-container\">\n\t\t\t<h2 class=\"elementor-heading-title elementor-size-default\">ANFA \u00d6ZEL G\u00dcVENL\u0130K E\u011e\u0130T\u0130M KURUMUMUZ<\/h2>\t\t<\/div>\n\t\t\t\t<\/div>\n\t\t\t\t<div class=\"elementor-element elementor-element-3b40775 elementor-widget elementor-widget-heading\" data-id=\"3b40775\" data-element_type=\"widget\" data-widget_type=\"heading.default\">\n\t\t\t\t<div class=\"elementor-widget-container\">\n\t\t\t<h2 class=\"elementor-heading-title elementor-size-default\">Yeni adresinde E\u011fitim Hizmetlerine,<\/h2>\t\t<\/div>\n\t\t\t\t<\/div>\n\t\t\t\t<div class=\"elementor-element elementor-element-bb2d725 elementor-widget elementor-widget-heading\" data-id=\"bb2d725\" data-element_type=\"widget\" data-widget_type=\"heading.default\">\n\t\t\t\t<div class=\"elementor-widget-container\">\n\t\t\t<h2 class=\"elementor-heading-title elementor-size-default\">her zaman oldu\u011fu gibi Y\u00dcZ-Y\u00dcZE DEVAM MECBUR\u0130YET\u0130 g\u00f6zeterek<\/h2>\t\t<\/div>\n\t\t\t\t<\/div>\n\t\t\t\t<div class=\"elementor-element elementor-element-ff34a6f elementor-widget elementor-widget-heading\" data-id=\"ff34a6f\" data-element_type=\"widget\" data-widget_type=\"heading.default\">\n\t\t\t\t<div class=\"elementor-widget-container\">\n\t\t\t<h2 class=\"elementor-heading-title elementor-size-default\">devam etmektedir.<\/h2>\t\t<\/div>\n\t\t\t\t<\/div>\n\t\t\t\t<div class=\"elementor-element elementor-element-157715c elementor-widget elementor-widget-image\" data-id=\"157715c\" data-element_type=\"widget\" data-widget_type=\"image.default\">\n\t\t\t\t<div class=\"elementor-widget-container\">\n\t\t\t\t\t\t\t\t\t\t\t\t\t\t\t<img loading=\"lazy\" decoding=\"async\" width=\"352\" height=\"103\" src=\"https:\/\/www.anfaguvenlik.com.tr\/wp-content\/uploads\/2020\/06\/footerlogolar-3.png\" class=\"attachment-large size-large\" alt=\"\" srcset=\"https:\/\/www.anfaguvenlik.com.tr\/wp-content\/uploads\/2020\/06\/footerlogolar-3.png 352w, https:\/\/www.anfaguvenlik.com.tr\/wp-content\/uploads\/2020\/06\/footerlogolar-3-300x88.png 300w\" sizes=\"auto, (max-width: 352px) 100vw, 352px\" \/>\t\t\t\t\t\t\t\t\t\t\t\t\t\t\t<\/div>\n\t\t\t\t<\/div>\n\t\t\t\t\t<\/div>\n\t\t<\/div>\n\t\t\t\t<div class=\"elementor-column elementor-col-50 elementor-top-column elementor-element elementor-element-c42cf12\" data-id=\"c42cf12\" data-element_type=\"column\">\n\t\t\t<div class=\"elementor-widget-wrap elementor-element-populated\">\n\t\t\t\t\t\t\t\t<div class=\"elementor-element elementor-element-d071d14 elementor-widget elementor-widget-image\" data-id=\"d071d14\" data-element_type=\"widget\" data-widget_type=\"image.default\">\n\t\t\t\t<div class=\"elementor-widget-container\">\n\t\t\t\t\t\t\t\t\t\t\t\t\t\t\t<img loading=\"lazy\" decoding=\"async\" width=\"660\" height=\"440\" src=\"https:\/\/www.anfaguvenlik.com.tr\/wp-content\/uploads\/2022\/04\/03-1024x683.jpg\" class=\"attachment-large size-large\" alt=\"\" srcset=\"https:\/\/www.anfaguvenlik.com.tr\/wp-content\/uploads\/2022\/04\/03-1024x683.jpg 1024w, https:\/\/www.anfaguvenlik.com.tr\/wp-content\/uploads\/2022\/04\/03-300x200.jpg 300w, https:\/\/www.anfaguvenlik.com.tr\/wp-content\/uploads\/2022\/04\/03-768x512.jpg 768w, https:\/\/www.anfaguvenlik.com.tr\/wp-content\/uploads\/2022\/04\/03-1536x1024.jpg 1536w, https:\/\/www.anfaguvenlik.com.tr\/wp-content\/uploads\/2022\/04\/03-2048x1365.jpg 2048w, https:\/\/www.anfaguvenlik.com.tr\/wp-content\/uploads\/2022\/04\/03-1200x800.jpg 1200w, https:\/\/www.anfaguvenlik.com.tr\/wp-content\/uploads\/2022\/04\/03-810x540.jpg 810w\" sizes=\"auto, (max-width: 660px) 100vw, 660px\" \/>\t\t\t\t\t\t\t\t\t\t\t\t\t\t\t<\/div>\n\t\t\t\t<\/div>\n\t\t\t\t\t<\/div>\n\t\t<\/div>\n\t\t\t\t\t\t\t<\/div>\n\t\t<\/section>\n\t\t\t\t<section class=\"elementor-section elementor-top-section elementor-element elementor-element-65db296 elementor-section-boxed elementor-section-height-default elementor-section-height-default\" data-id=\"65db296\" data-element_type=\"section\">\n\t\t\t\t\t\t<div class=\"elementor-container elementor-column-gap-default\">\n\t\t\t\t\t<div class=\"elementor-column elementor-col-100 elementor-top-column elementor-element elementor-element-94e669d\" data-id=\"94e669d\" data-element_type=\"column\">\n\t\t\t<div class=\"elementor-widget-wrap elementor-element-populated\">\n\t\t\t\t\t\t\t\t<div class=\"elementor-element elementor-element-4287ca7 elementor-view-default elementor-widget elementor-widget-icon\" data-id=\"4287ca7\" data-element_type=\"widget\" data-widget_type=\"icon.default\">\n\t\t\t\t<div class=\"elementor-widget-container\">\n\t\t\t\t\t<div class=\"elementor-icon-wrapper\">\n\t\t\t<div class=\"elementor-icon\">\n\t\t\t<i aria-hidden=\"true\" class=\"fas fa-photo-video\"><\/i>\t\t\t<\/div>\n\t\t<\/div>\n\t\t\t\t<\/div>\n\t\t\t\t<\/div>\n\t\t\t\t<div class=\"elementor-element elementor-element-d475c01 elementor-widget elementor-widget-image-gallery\" data-id=\"d475c01\" data-element_type=\"widget\" data-widget_type=\"image-gallery.default\">\n\t\t\t\t<div class=\"elementor-widget-container\">\n\t\t\t\t\t<div class=\"elementor-image-gallery\">\n\t\t\t<div id='gallery-1' class='gallery galleryid-3050 gallery-columns-7 gallery-size-thumbnail'><figure class='gallery-item'>\n\t\t\t<div class='gallery-icon landscape'>\n\t\t\t\t<a data-elementor-open-lightbox=\"yes\" data-elementor-lightbox-slideshow=\"d475c01\" data-elementor-lightbox-title=\"01\" href='https:\/\/www.anfaguvenlik.com.tr\/wp-content\/uploads\/2022\/04\/01-scaled.jpg'><img loading=\"lazy\" decoding=\"async\" width=\"150\" height=\"150\" src=\"https:\/\/www.anfaguvenlik.com.tr\/wp-content\/uploads\/2022\/04\/01-150x150.jpg\" class=\"attachment-thumbnail size-thumbnail\" alt=\"\" \/><\/a>\n\t\t\t<\/div><\/figure><figure class='gallery-item'>\n\t\t\t<div class='gallery-icon landscape'>\n\t\t\t\t<a data-elementor-open-lightbox=\"yes\" data-elementor-lightbox-slideshow=\"d475c01\" data-elementor-lightbox-title=\"02\" href='https:\/\/www.anfaguvenlik.com.tr\/wp-content\/uploads\/2022\/04\/02.jpg'><img loading=\"lazy\" decoding=\"async\" width=\"150\" height=\"150\" src=\"https:\/\/www.anfaguvenlik.com.tr\/wp-content\/uploads\/2022\/04\/02-150x150.jpg\" class=\"attachment-thumbnail size-thumbnail\" alt=\"\" \/><\/a>\n\t\t\t<\/div><\/figure><figure class='gallery-item'>\n\t\t\t<div class='gallery-icon landscape'>\n\t\t\t\t<a data-elementor-open-lightbox=\"yes\" data-elementor-lightbox-slideshow=\"d475c01\" data-elementor-lightbox-title=\"03\" href='https:\/\/www.anfaguvenlik.com.tr\/wp-content\/uploads\/2022\/04\/03-scaled.jpg'><img loading=\"lazy\" decoding=\"async\" width=\"150\" height=\"150\" src=\"https:\/\/www.anfaguvenlik.com.tr\/wp-content\/uploads\/2022\/04\/03-150x150.jpg\" class=\"attachment-thumbnail size-thumbnail\" alt=\"\" \/><\/a>\n\t\t\t<\/div><\/figure><figure class='gallery-item'>\n\t\t\t<div class='gallery-icon landscape'>\n\t\t\t\t<a data-elementor-open-lightbox=\"yes\" data-elementor-lightbox-slideshow=\"d475c01\" data-elementor-lightbox-title=\"4-\" href='https:\/\/www.anfaguvenlik.com.tr\/wp-content\/uploads\/2022\/04\/4--scaled.jpg'><img loading=\"lazy\" decoding=\"async\" width=\"150\" height=\"150\" src=\"https:\/\/www.anfaguvenlik.com.tr\/wp-content\/uploads\/2022\/04\/4--150x150.jpg\" class=\"attachment-thumbnail size-thumbnail\" alt=\"\" \/><\/a>\n\t\t\t<\/div><\/figure><figure class='gallery-item'>\n\t\t\t<div class='gallery-icon landscape'>\n\t\t\t\t<a data-elementor-open-lightbox=\"yes\" data-elementor-lightbox-slideshow=\"d475c01\" data-elementor-lightbox-title=\"4-a\" href='https:\/\/www.anfaguvenlik.com.tr\/wp-content\/uploads\/2022\/04\/4-a-scaled.jpg'><img loading=\"lazy\" decoding=\"async\" width=\"150\" height=\"150\" src=\"https:\/\/www.anfaguvenlik.com.tr\/wp-content\/uploads\/2022\/04\/4-a-150x150.jpg\" class=\"attachment-thumbnail size-thumbnail\" alt=\"\" \/><\/a>\n\t\t\t<\/div><\/figure><figure class='gallery-item'>\n\t\t\t<div class='gallery-icon landscape'>\n\t\t\t\t<a data-elementor-open-lightbox=\"yes\" data-elementor-lightbox-slideshow=\"d475c01\" data-elementor-lightbox-title=\"4\" href='https:\/\/www.anfaguvenlik.com.tr\/wp-content\/uploads\/2022\/04\/4-scaled.jpg'><img loading=\"lazy\" decoding=\"async\" width=\"150\" height=\"150\" src=\"https:\/\/www.anfaguvenlik.com.tr\/wp-content\/uploads\/2022\/04\/4-150x150.jpg\" class=\"attachment-thumbnail size-thumbnail\" alt=\"\" \/><\/a>\n\t\t\t<\/div><\/figure><figure class='gallery-item'>\n\t\t\t<div class='gallery-icon landscape'>\n\t\t\t\t<a data-elementor-open-lightbox=\"yes\" data-elementor-lightbox-slideshow=\"d475c01\" data-elementor-lightbox-title=\"5\" href='https:\/\/www.anfaguvenlik.com.tr\/wp-content\/uploads\/2022\/04\/5-scaled.jpg'><img loading=\"lazy\" decoding=\"async\" width=\"150\" height=\"150\" src=\"https:\/\/www.anfaguvenlik.com.tr\/wp-content\/uploads\/2022\/04\/5-150x150.jpg\" class=\"attachment-thumbnail size-thumbnail\" alt=\"\" \/><\/a>\n\t\t\t<\/div><\/figure><figure class='gallery-item'>\n\t\t\t<div class='gallery-icon landscape'>\n\t\t\t\t<a data-elementor-open-lightbox=\"yes\" data-elementor-lightbox-slideshow=\"d475c01\" data-elementor-lightbox-title=\"7\" href='https:\/\/www.anfaguvenlik.com.tr\/wp-content\/uploads\/2022\/04\/7-scaled.jpg'><img loading=\"lazy\" decoding=\"async\" width=\"150\" height=\"150\" src=\"https:\/\/www.anfaguvenlik.com.tr\/wp-content\/uploads\/2022\/04\/7-150x150.jpg\" class=\"attachment-thumbnail size-thumbnail\" alt=\"\" \/><\/a>\n\t\t\t<\/div><\/figure><figure class='gallery-item'>\n\t\t\t<div class='gallery-icon portrait'>\n\t\t\t\t<a data-elementor-open-lightbox=\"yes\" data-elementor-lightbox-slideshow=\"d475c01\" data-elementor-lightbox-title=\"8-Anfa \u00d6GG poligon At\u0131\u015f-1\" href='https:\/\/www.anfaguvenlik.com.tr\/wp-content\/uploads\/2022\/04\/8-Anfa-OGG-poligon-Atis-1-1.jpeg'><img loading=\"lazy\" decoding=\"async\" width=\"150\" height=\"150\" src=\"https:\/\/www.anfaguvenlik.com.tr\/wp-content\/uploads\/2022\/04\/8-Anfa-OGG-poligon-Atis-1-1-150x150.jpeg\" class=\"attachment-thumbnail size-thumbnail\" alt=\"\" \/><\/a>\n\t\t\t<\/div><\/figure><figure class='gallery-item'>\n\t\t\t<div class='gallery-icon landscape'>\n\t\t\t\t<a data-elementor-open-lightbox=\"yes\" data-elementor-lightbox-slideshow=\"d475c01\" data-elementor-lightbox-title=\"Ekran Resmi 2022-04-08 11.38.37\" href='https:\/\/www.anfaguvenlik.com.tr\/wp-content\/uploads\/2022\/04\/Ekran-Resmi-2022-04-08-11.38.37-1.png'><img loading=\"lazy\" decoding=\"async\" width=\"150\" height=\"150\" src=\"https:\/\/www.anfaguvenlik.com.tr\/wp-content\/uploads\/2022\/04\/Ekran-Resmi-2022-04-08-11.38.37-1-150x150.png\" class=\"attachment-thumbnail size-thumbnail\" alt=\"\" \/><\/a>\n\t\t\t<\/div><\/figure><figure class='gallery-item'>\n\t\t\t<div class='gallery-icon landscape'>\n\t\t\t\t<a data-elementor-open-lightbox=\"yes\" data-elementor-lightbox-slideshow=\"d475c01\" data-elementor-lightbox-title=\"15-Anfa g\u00fcvenlik-K9\" href='https:\/\/www.anfaguvenlik.com.tr\/wp-content\/uploads\/2022\/04\/15-Anfa-guvenlik-K9-scaled.jpg'><img loading=\"lazy\" decoding=\"async\" width=\"150\" height=\"150\" src=\"https:\/\/www.anfaguvenlik.com.tr\/wp-content\/uploads\/2022\/04\/15-Anfa-guvenlik-K9-150x150.jpg\" class=\"attachment-thumbnail size-thumbnail\" alt=\"\" \/><\/a>\n\t\t\t<\/div><\/figure><figure class='gallery-item'>\n\t\t\t<div class='gallery-icon landscape'>\n\t\t\t\t<a data-elementor-open-lightbox=\"yes\" data-elementor-lightbox-slideshow=\"d475c01\" data-elementor-lightbox-title=\"16-Anfa-OGG-Dogus-Egt-1\" href='https:\/\/www.anfaguvenlik.com.tr\/wp-content\/uploads\/2022\/04\/16-Anfa-OGG-Dogus-Egt-1-1.jpeg'><img loading=\"lazy\" decoding=\"async\" width=\"150\" height=\"150\" src=\"https:\/\/www.anfaguvenlik.com.tr\/wp-content\/uploads\/2022\/04\/16-Anfa-OGG-Dogus-Egt-1-1-150x150.jpeg\" class=\"attachment-thumbnail size-thumbnail\" alt=\"\" \/><\/a>\n\t\t\t<\/div><\/figure><figure class='gallery-item'>\n\t\t\t<div class='gallery-icon landscape'>\n\t\t\t\t<a data-elementor-open-lightbox=\"yes\" data-elementor-lightbox-slideshow=\"d475c01\" data-elementor-lightbox-title=\"17-Anfa \u00d6GG D\u00f6\u011f\u00fc\u015f E\u011ft-2\" href='https:\/\/www.anfaguvenlik.com.tr\/wp-content\/uploads\/2022\/04\/17-Anfa-OGG-Dogus-Egt-2.jpeg'><img loading=\"lazy\" decoding=\"async\" width=\"150\" height=\"150\" src=\"https:\/\/www.anfaguvenlik.com.tr\/wp-content\/uploads\/2022\/04\/17-Anfa-OGG-Dogus-Egt-2-150x150.jpeg\" class=\"attachment-thumbnail size-thumbnail\" alt=\"\" \/><\/a>\n\t\t\t<\/div><\/figure><figure class='gallery-item'>\n\t\t\t<div class='gallery-icon landscape'>\n\t\t\t\t<a data-elementor-open-lightbox=\"yes\" data-elementor-lightbox-slideshow=\"d475c01\" data-elementor-lightbox-title=\"18-Bayrak\" href='https:\/\/www.anfaguvenlik.com.tr\/wp-content\/uploads\/2022\/04\/18-Bayrak.jpg'><img loading=\"lazy\" decoding=\"async\" width=\"150\" height=\"150\" src=\"https:\/\/www.anfaguvenlik.com.tr\/wp-content\/uploads\/2022\/04\/18-Bayrak-150x150.jpg\" class=\"attachment-thumbnail size-thumbnail\" alt=\"ANFA EFET E\u011e\u0130T\u0130M VE TEDB\u0130RLER\u0130NE TAM GADRO HAZIR\" \/><\/a>\n\t\t\t<\/div><\/figure>\n\t\t<\/div>\n\t\t<\/div>\n\t\t\t\t<\/div>\n\t\t\t\t<\/div>\n\t\t\t\t\t<\/div>\n\t\t<\/div>\n\t\t\t\t\t\t\t<\/div>\n\t\t<\/section>\n\t\t\t\t<section class=\"elementor-section elementor-top-section elementor-element elementor-element-5d0b60f elementor-section-boxed elementor-section-height-default elementor-section-height-default\" data-id=\"5d0b60f\" data-element_type=\"section\">\n\t\t\t\t\t\t<div class=\"elementor-container elementor-column-gap-default\">\n\t\t\t\t\t<div class=\"elementor-column elementor-col-100 elementor-top-column elementor-element elementor-element-9565edc\" data-id=\"9565edc\" data-element_type=\"column\">\n\t\t\t<div class=\"elementor-widget-wrap elementor-element-populated\">\n\t\t\t\t\t\t\t\t<div class=\"elementor-element elementor-element-097b7a9 elementor-widget elementor-widget-heading\" data-id=\"097b7a9\" data-element_type=\"widget\" data-widget_type=\"heading.default\">\n\t\t\t\t<div class=\"elementor-widget-container\">\n\t\t\t<h2 class=\"elementor-heading-title elementor-size-default\"><div><br><\/div>E\u011fitim Hizmetlerimiz Hakk\u0131nda<\/h2>\t\t<\/div>\n\t\t\t\t<\/div>\n\t\t\t\t<div class=\"elementor-element elementor-element-bd34219 elementor-widget elementor-widget-heading\" data-id=\"bd34219\" data-element_type=\"widget\" data-widget_type=\"heading.default\">\n\t\t\t\t<div class=\"elementor-widget-container\">\n\t\t\t<h2 class=\"elementor-heading-title elementor-size-default\"> Detayl\u0131 Bilgi ve \u0130leti\u015fim<\/h2>\t\t<\/div>\n\t\t\t\t<\/div>\n\t\t\t\t<div class=\"elementor-element elementor-element-504918b elementor-widget elementor-widget-text-editor\" data-id=\"504918b\" data-element_type=\"widget\" data-widget_type=\"text-editor.default\">\n\t\t\t\t<div class=\"elementor-widget-container\">\n\t\t\t\t\t\t\t<p><strong>Adres : Sa\u011fl\u0131k Mahallesi Aksu Caddesi NO: 6\/A SIHHIYE &#8211; \u00c7ANKARA<\/strong><\/p><p>KURTULU\u015e PARKI KAR\u015eISI SIHHIYE \u00c7OK KATLI OTOPARKI 1. KAT<\/p><div>TELEFON : 0312 316 76 76<\/div>\t\t\t\t\t\t<\/div>\n\t\t\t\t<\/div>\n\t\t\t\t\t<\/div>\n\t\t<\/div>\n\t\t\t\t\t\t\t<\/div>\n\t\t<\/section>\n\t\t\t\t\t\t<\/div>\n\t\t\t\t\t<\/div>\n\t\t","protected":false},"excerpt":{"rendered":"<p>ANFA \u00d6ZEL G\u00dcVENL\u0130K E\u011e\u0130T\u0130M KURUMUMUZ Yeni adresinde E\u011fitim Hizmetlerine, her zaman oldu\u011fu gibi Y\u00dcZ-Y\u00dcZE DEVAM MECBUR\u0130YET\u0130 g\u00f6zeterek devam etmektedir. E\u011fitim Hizmetlerimiz Hakk\u0131nda Detayl\u0131 Bilgi ve \u0130leti\u015fim Adres : Sa\u011fl\u0131k Mahallesi Aksu Caddesi NO: 6\/A SIHHIYE &#8211; \u00c7ANKARA KURTULU\u015e PARKI KAR\u015eISI SIHHIYE \u00c7OK KATLI OTOPARKI 1. KAT TELEFON : 0312 316 76 76<\/p>\n","protected":false},"author":1,"featured_media":0,"parent":0,"menu_order":0,"comment_status":"closed","ping_status":"closed","template":"","meta":{"footnotes":""},"class_list":["post-3050","page","type-page","status-publish","hentry"],"_links":{"self":[{"href":"https:\/\/www.anfaguvenlik.com.tr\/index.php?rest_route=\/wp\/v2\/pages\/3050","targetHints":{"allow":["GET"]}}],"collection":[{"href":"https:\/\/www.anfaguvenlik.com.tr\/index.php?rest_route=\/wp\/v2\/pages"}],"about":[{"href":"https:\/\/www.anfaguvenlik.com.tr\/index.php?rest_route=\/wp\/v2\/types\/page"}],"author":[{"embeddable":true,"href":"https:\/\/www.anfaguvenlik.com.tr\/index.php?rest_route=\/wp\/v2\/users\/1"}],"replies":[{"embeddable":true,"href":"https:\/\/www.anfaguvenlik.com.tr\/index.php?rest_route=%2Fwp%2Fv2%2Fcomments&post=3050"}],"version-history":[{"count":50,"href":"https:\/\/www.anfaguvenlik.com.tr\/index.php?rest_route=\/wp\/v2\/pages\/3050\/revisions"}],"predecessor-version":[{"id":3179,"href":"https:\/\/www.anfaguvenlik.com.tr\/index.php?rest_route=\/wp\/v2\/pages\/3050\/revisions\/3179"}],"wp:attachment":[{"href":"https:\/\/www.anfaguvenlik.com.tr\/index.php?rest_route=%2Fwp%2Fv2%2Fmedia&parent=3050"}],"curies":[{"name":"wp","href":"https:\/\/api.w.org\/{rel}","templated":true}]}}