{"id":2415,"date":"2021-05-21T09:41:32","date_gmt":"2021-05-21T09:41:32","guid":{"rendered":"https:\/\/vizoregebodrum.com\/?page_id=2415"},"modified":"2025-05-23T14:53:59","modified_gmt":"2025-05-23T14:53:59","slug":"misyon-vizyon","status":"publish","type":"page","link":"https:\/\/www.anfaguvenlik.com.tr\/?page_id=2415","title":{"rendered":"Misyon &#038; Vizyon"},"content":{"rendered":"\t\t<div data-elementor-type=\"wp-page\" data-elementor-id=\"2415\" class=\"elementor elementor-2415\" data-elementor-settings=\"[]\">\n\t\t\t\t\t\t\t<div class=\"elementor-section-wrap\">\n\t\t\t\t\t\t\t<section class=\"elementor-section elementor-top-section elementor-element elementor-element-43f91a93 elementor-reverse-tablet elementor-reverse-mobile elementor-section-full_width elementor-section-stretched elementor-section-height-default elementor-section-height-default\" data-id=\"43f91a93\" data-element_type=\"section\" data-settings=\"{&quot;background_background&quot;:&quot;classic&quot;,&quot;stretch_section&quot;:&quot;section-stretched&quot;}\">\n\t\t\t\t\t\t<div class=\"elementor-container elementor-column-gap-default\">\n\t\t\t\t\t<div class=\"elementor-column elementor-col-50 elementor-top-column elementor-element elementor-element-ca23336 elementor-hidden-tablet elementor-hidden-phone\" data-id=\"ca23336\" data-element_type=\"column\">\n\t\t\t<div class=\"elementor-widget-wrap elementor-element-populated\">\n\t\t\t\t\t\t\t\t<div class=\"elementor-element elementor-element-0467098 elementor-align-left elementor-icon-list--layout-traditional elementor-list-item-link-full_width elementor-widget elementor-widget-icon-list\" data-id=\"0467098\" data-element_type=\"widget\" data-widget_type=\"icon-list.default\">\n\t\t\t\t<div class=\"elementor-widget-container\">\n\t\t\t\t\t<ul class=\"elementor-icon-list-items\">\n\t\t\t\t\t\t\t<li class=\"elementor-icon-list-item\">\n\t\t\t\t\t\t\t\t\t\t\t<a href=\"http:\/\/www.anfaguvenlik.com.tr\/?page_id=52\/\">\n\n\t\t\t\t\t\t\t\t\t\t\t\t<span class=\"elementor-icon-list-icon\">\n\t\t\t\t\t\t\t<i aria-hidden=\"true\" class=\"lastudioicon lastudioicon-arrow-right\"><\/i>\t\t\t\t\t\t<\/span>\n\t\t\t\t\t\t\t\t\t\t<span class=\"elementor-icon-list-text\">Hakk\u0131m\u0131zda<\/span>\n\t\t\t\t\t\t\t\t\t\t\t<\/a>\n\t\t\t\t\t\t\t\t\t<\/li>\n\t\t\t\t\t\t\t\t<li class=\"elementor-icon-list-item\">\n\t\t\t\t\t\t\t\t\t\t\t<a href=\"http:\/\/www.anfaguvenlik.com.tr\/?page_id=2399\">\n\n\t\t\t\t\t\t\t\t\t\t\t\t<span class=\"elementor-icon-list-icon\">\n\t\t\t\t\t\t\t<i aria-hidden=\"true\" class=\"lastudioicon lastudioicon-arrow-right\"><\/i>\t\t\t\t\t\t<\/span>\n\t\t\t\t\t\t\t\t\t\t<span class=\"elementor-icon-list-text\">Belediye Ba\u015fkan\u0131<\/span>\n\t\t\t\t\t\t\t\t\t\t\t<\/a>\n\t\t\t\t\t\t\t\t\t<\/li>\n\t\t\t\t\t\t\t\t<li class=\"elementor-icon-list-item\">\n\t\t\t\t\t\t\t\t\t\t\t<a href=\"http:\/\/www.anfaguvenlik.com.tr\/?page_id=2410\">\n\n\t\t\t\t\t\t\t\t\t\t\t\t<span class=\"elementor-icon-list-icon\">\n\t\t\t\t\t\t\t<i aria-hidden=\"true\" class=\"lastudioicon lastudioicon-arrow-right\"><\/i>\t\t\t\t\t\t<\/span>\n\t\t\t\t\t\t\t\t\t\t<span class=\"elementor-icon-list-text\">Genel M\u00fcd\u00fcr<\/span>\n\t\t\t\t\t\t\t\t\t\t\t<\/a>\n\t\t\t\t\t\t\t\t\t<\/li>\n\t\t\t\t\t\t\t\t<li class=\"elementor-icon-list-item\">\n\t\t\t\t\t\t\t\t\t\t\t<a href=\"http:\/\/www.anfaguvenlik.com.tr\/?page_id=2483\">\n\n\t\t\t\t\t\t\t\t\t\t\t\t<span class=\"elementor-icon-list-icon\">\n\t\t\t\t\t\t\t<i aria-hidden=\"true\" class=\"lastudioicon lastudioicon-arrow-right\"><\/i>\t\t\t\t\t\t<\/span>\n\t\t\t\t\t\t\t\t\t\t<span class=\"elementor-icon-list-text\">Y\u00f6netim<\/span>\n\t\t\t\t\t\t\t\t\t\t\t<\/a>\n\t\t\t\t\t\t\t\t\t<\/li>\n\t\t\t\t\t\t\t\t<li class=\"elementor-icon-list-item\">\n\t\t\t\t\t\t\t\t\t\t\t<a href=\"http:\/\/www.anfaguvenlik.com.tr\/?page_id=2415\">\n\n\t\t\t\t\t\t\t\t\t\t\t\t<span class=\"elementor-icon-list-icon\">\n\t\t\t\t\t\t\t<i aria-hidden=\"true\" class=\"lastudioicon lastudioicon-arrow-right\"><\/i>\t\t\t\t\t\t<\/span>\n\t\t\t\t\t\t\t\t\t\t<span class=\"elementor-icon-list-text\">Misyon & Vizyon<\/span>\n\t\t\t\t\t\t\t\t\t\t\t<\/a>\n\t\t\t\t\t\t\t\t\t<\/li>\n\t\t\t\t\t\t\t\t<li class=\"elementor-icon-list-item\">\n\t\t\t\t\t\t\t\t\t\t\t<a href=\"http:\/\/www.anfaguvenlik.com.tr\/?page_id=2430\">\n\n\t\t\t\t\t\t\t\t\t\t\t\t<span class=\"elementor-icon-list-icon\">\n\t\t\t\t\t\t\t<i aria-hidden=\"true\" class=\"lastudioicon lastudioicon-arrow-right\"><\/i>\t\t\t\t\t\t<\/span>\n\t\t\t\t\t\t\t\t\t\t<span class=\"elementor-icon-list-text\">Kalite Politikam\u0131z<\/span>\n\t\t\t\t\t\t\t\t\t\t\t<\/a>\n\t\t\t\t\t\t\t\t\t<\/li>\n\t\t\t\t\t\t<\/ul>\n\t\t\t\t<\/div>\n\t\t\t\t<\/div>\n\t\t\t\t\t<\/div>\n\t\t<\/div>\n\t\t\t\t<div class=\"elementor-column elementor-col-50 elementor-top-column elementor-element elementor-element-1650c23\" data-id=\"1650c23\" data-element_type=\"column\">\n\t\t\t<div class=\"elementor-widget-wrap elementor-element-populated\">\n\t\t\t\t\t\t\t\t<div class=\"elementor-element elementor-element-c4fc540 elementor-view-default elementor-position-top elementor-vertical-align-top elementor-widget elementor-widget-icon-box\" data-id=\"c4fc540\" data-element_type=\"widget\" data-widget_type=\"icon-box.default\">\n\t\t\t\t<div class=\"elementor-widget-container\">\n\t\t\t\t\t<div class=\"elementor-icon-box-wrapper\">\n\t\t\t\t\t\t<div class=\"elementor-icon-box-icon\">\n\t\t\t\t<span class=\"elementor-icon elementor-animation-\" >\n\t\t\t\t<i aria-hidden=\"true\" class=\"far fa-eye\"><\/i>\t\t\t\t<\/span>\n\t\t\t<\/div>\n\t\t\t\t\t\t<div class=\"elementor-icon-box-content\">\n\t\t\t\t<h3 class=\"elementor-icon-box-title\">\n\t\t\t\t\t<span  >\n\t\t\t\t\t\tMisyonumuz\t\t\t\t\t<\/span>\n\t\t\t\t<\/h3>\n\t\t\t\t\t\t\t\t\t<p class=\"elementor-icon-box-description\">\n\t\t\t\t\t\tANFA G\u00fcvenlik, hizmet alanlar\u0131nda \u00e7a\u011fda\u015f de\u011ferlere ba\u011fl\u0131, ziyaret\u00e7ilerin can ve mal g\u00fcvenli\u011fini koruma, kamu mallar\u0131n\u0131n g\u00fcvenli\u011fini sa\u011flama ve \u00f6zel g\u00fcvenlik sertifikas\u0131 almak isteyen kursiyerimize uzman kadrosu ile nitelikli e\u011fitim vermek i\u00e7in kurulmu\u015f Ankara B\u00fcy\u00fck\u015fehir Belediyesi i\u015ftirakidir.\t\t\t\t\t<\/p>\n\t\t\t\t\t\t\t<\/div>\n\t\t<\/div>\n\t\t\t\t<\/div>\n\t\t\t\t<\/div>\n\t\t\t\t<div class=\"elementor-element elementor-element-ae1a0e2 elementor-widget-divider--view-line elementor-widget elementor-widget-divider\" data-id=\"ae1a0e2\" data-element_type=\"widget\" data-widget_type=\"divider.default\">\n\t\t\t\t<div class=\"elementor-widget-container\">\n\t\t\t\t\t<div class=\"elementor-divider\">\n\t\t\t<span class=\"elementor-divider-separator\">\n\t\t\t\t\t\t<\/span>\n\t\t<\/div>\n\t\t\t\t<\/div>\n\t\t\t\t<\/div>\n\t\t\t\t<div class=\"elementor-element elementor-element-4e78a0e elementor-view-default elementor-position-top elementor-vertical-align-top elementor-widget elementor-widget-icon-box\" data-id=\"4e78a0e\" data-element_type=\"widget\" data-widget_type=\"icon-box.default\">\n\t\t\t\t<div class=\"elementor-widget-container\">\n\t\t\t\t\t<div class=\"elementor-icon-box-wrapper\">\n\t\t\t\t\t\t<div class=\"elementor-icon-box-icon\">\n\t\t\t\t<span class=\"elementor-icon elementor-animation-\" >\n\t\t\t\t<i aria-hidden=\"true\" class=\"fas fa-check-circle\"><\/i>\t\t\t\t<\/span>\n\t\t\t<\/div>\n\t\t\t\t\t\t<div class=\"elementor-icon-box-content\">\n\t\t\t\t<h3 class=\"elementor-icon-box-title\">\n\t\t\t\t\t<span  >\n\t\t\t\t\t\tVizyonumuz\t\t\t\t\t<\/span>\n\t\t\t\t<\/h3>\n\t\t\t\t\t\t\t\t\t<p class=\"elementor-icon-box-description\">\n\t\t\t\t\t\tANFA G\u00fcvenlik, \u00d6zel G\u00fcvenlik Hizmetlerinde ve \u00d6zel G\u00fcvenlik Sertifikaland\u0131rma e\u011fitimlerinde sekt\u00f6rde uzman kadro ve tecr\u00fcbeleri ile g\u00fcvenlik teknolojilerini en \u00fcst d\u00fczeyde kullanarak ziyaret\u00e7ilerin ihtiyac\u0131n\u0131n \u00f6tesinde huzurlu bir kent kurmak hedefindedir.\t\t\t\t\t<\/p>\n\t\t\t\t\t\t\t<\/div>\n\t\t<\/div>\n\t\t\t\t<\/div>\n\t\t\t\t<\/div>\n\t\t\t\t\t<\/div>\n\t\t<\/div>\n\t\t\t\t\t\t\t<\/div>\n\t\t<\/section>\n\t\t\t\t<section class=\"elementor-section elementor-top-section elementor-element elementor-element-e62d4f5 elementor-section-stretched elementor-section-content-middle elementor-section-boxed elementor-section-height-default elementor-section-height-default\" data-id=\"e62d4f5\" data-element_type=\"section\" data-settings=\"{&quot;stretch_section&quot;:&quot;section-stretched&quot;,&quot;background_background&quot;:&quot;classic&quot;}\">\n\t\t\t\t\t\t<div class=\"elementor-container elementor-column-gap-extended\">\n\t\t\t\t\t<div class=\"elementor-column elementor-col-33 elementor-top-column elementor-element elementor-element-9568253\" data-id=\"9568253\" data-element_type=\"column\">\n\t\t\t<div class=\"elementor-widget-wrap elementor-element-populated\">\n\t\t\t\t\t\t\t\t<div class=\"elementor-element elementor-element-ff99ac9 elementor-widget elementor-widget-heading\" data-id=\"ff99ac9\" data-element_type=\"widget\" data-widget_type=\"heading.default\">\n\t\t\t\t<div class=\"elementor-widget-container\">\n\t\t\t<h2 class=\"elementor-heading-title elementor-size-default\">ANFA G\u00dcVENL\u0130K\n25 Y\u0131l\u0131 A\u015fk\u0131n\nTecr\u00fcbesi ile\nyan\u0131n\u0131zda...<\/h2>\t\t<\/div>\n\t\t\t\t<\/div>\n\t\t\t\t<div class=\"elementor-element elementor-element-ce19ddc elementor-widget elementor-widget-text-editor\" data-id=\"ce19ddc\" data-element_type=\"widget\" data-widget_type=\"text-editor.default\">\n\t\t\t\t<div class=\"elementor-widget-container\">\n\t\t\t\t\t\t\t<div class=\"space-20\"><p>G\u00f6rev u\u0308stlenilen mahallerde uzman personel taraf\u0131ndan yap\u0131lan risk ve zaafiyet analizleri do\u011frultusunda olu\u015fturulan gu\u0308venlik kadrosu ile etkin gu\u0308venlik hizmeti sa\u011flamaktad\u0131r.<\/p><\/div>\t\t\t\t\t\t<\/div>\n\t\t\t\t<\/div>\n\t\t\t\t<div class=\"elementor-element elementor-element-f99b64b elementor-widget elementor-widget-heading\" data-id=\"f99b64b\" data-element_type=\"widget\" data-widget_type=\"heading.default\">\n\t\t\t\t<div class=\"elementor-widget-container\">\n\t\t\t<div class=\"elementor-heading-title elementor-size-default\"><a class=\"text-second text-underline\" href=\"#\">B\u0130ZE ULA\u015eIN<\/a><\/div>\t\t<\/div>\n\t\t\t\t<\/div>\n\t\t\t\t\t<\/div>\n\t\t<\/div>\n\t\t\t\t<div class=\"elementor-column elementor-col-33 elementor-top-column elementor-element elementor-element-54f1e64 elementor-hidden-tablet elementor-hidden-phone\" data-id=\"54f1e64\" data-element_type=\"column\">\n\t\t\t<div class=\"elementor-widget-wrap\">\n\t\t\t\t\t\t\t\t\t<\/div>\n\t\t<\/div>\n\t\t\t\t<div class=\"elementor-column elementor-col-33 elementor-top-column elementor-element elementor-element-39f386b\" data-id=\"39f386b\" data-element_type=\"column\">\n\t\t\t<div class=\"elementor-widget-wrap elementor-element-populated\">\n\t\t\t\t\t\t\t\t<div class=\"elementor-element elementor-element-c0c9eaa elementor-widget elementor-widget-apus_element_banner\" data-id=\"c0c9eaa\" data-element_type=\"widget\" data-widget_type=\"apus_element_banner.default\">\n\t\t\t\t<div class=\"elementor-widget-container\">\n\t\t\t        <div class=\"widget-banner  style3\">\n            \n                                    <div class=\"banner-image\">\n                        <div class=\"image-wrapper\"><img loading=\"lazy\" decoding=\"async\" width=\"746\" height=\"551\" src=\"https:\/\/www.anfaguvenlik.com.tr\/wp-content\/uploads\/2021\/06\/logo-as4.jpg\" class=\"attachment-full size-full\" alt=\"\" srcset=\"https:\/\/www.anfaguvenlik.com.tr\/wp-content\/uploads\/2021\/06\/logo-as4.jpg 746w, https:\/\/www.anfaguvenlik.com.tr\/wp-content\/uploads\/2021\/06\/logo-as4-300x222.jpg 300w\" sizes=\"auto, (max-width: 746px) 100vw, 746px\" \/><\/div>                    <\/div>\n                \n            \n                            <div class=\"banner-image-top st_right\">                    \n                    <div class=\"image-wrapper\"><img loading=\"lazy\" decoding=\"async\" width=\"173\" height=\"194\" src=\"https:\/\/www.anfaguvenlik.com.tr\/wp-content\/uploads\/2020\/06\/hover_bg.png\" class=\"attachment-full size-full\" alt=\"\" \/><\/div>                <\/div>\n            \n                    <\/div>\n        \t\t<\/div>\n\t\t\t\t<\/div>\n\t\t\t\t\t<\/div>\n\t\t<\/div>\n\t\t\t\t\t\t\t<\/div>\n\t\t<\/section>\n\t\t\t\t<section class=\"elementor-section elementor-top-section elementor-element elementor-element-93cc20c elementor-section-stretched elementor-section-boxed elementor-section-height-default elementor-section-height-default\" data-id=\"93cc20c\" data-element_type=\"section\" data-settings=\"{&quot;stretch_section&quot;:&quot;section-stretched&quot;}\">\n\t\t\t\t\t\t<div class=\"elementor-container elementor-column-gap-extended\">\n\t\t\t\t\t<div class=\"elementor-column elementor-col-50 elementor-top-column elementor-element elementor-element-ca08c79\" data-id=\"ca08c79\" data-element_type=\"column\" data-settings=\"{&quot;background_background&quot;:&quot;classic&quot;}\">\n\t\t\t<div class=\"elementor-widget-wrap elementor-element-populated\">\n\t\t\t\t\t\t\t\t<section class=\"elementor-section elementor-inner-section elementor-element elementor-element-17b63c1 elementor-section-boxed elementor-section-height-default elementor-section-height-default\" data-id=\"17b63c1\" data-element_type=\"section\">\n\t\t\t\t\t\t<div class=\"elementor-container elementor-column-gap-narrow\">\n\t\t\t\t\t<div class=\"elementor-column elementor-col-25 elementor-inner-column elementor-element elementor-element-ab1561a\" data-id=\"ab1561a\" data-element_type=\"column\">\n\t\t\t<div class=\"elementor-widget-wrap elementor-element-populated\">\n\t\t\t\t\t\t\t\t<div class=\"elementor-element elementor-element-90515c3 st_theme elementor-widget elementor-widget-counter\" data-id=\"90515c3\" data-element_type=\"widget\" data-widget_type=\"counter.default\">\n\t\t\t\t<div class=\"elementor-widget-container\">\n\t\t\t\t\t<div class=\"elementor-counter\">\n\t\t\t<div class=\"elementor-counter-number-wrapper\">\n\t\t\t\t<span class=\"elementor-counter-number-prefix\"><\/span>\n\t\t\t\t<span class=\"elementor-counter-number\" data-duration=\"2000\" data-to-value=\"315\" data-from-value=\"0\" data-delimiter=\",\">0<\/span>\n\t\t\t\t<span class=\"elementor-counter-number-suffix\"> +<\/span>\n\t\t\t<\/div>\n\t\t\t\t\t\t\t<div class=\"elementor-counter-title\">\u0130\u015eYER\u0130<\/div>\n\t\t\t\t\t<\/div>\n\t\t\t\t<\/div>\n\t\t\t\t<\/div>\n\t\t\t\t\t<\/div>\n\t\t<\/div>\n\t\t\t\t<div class=\"elementor-column elementor-col-25 elementor-inner-column elementor-element elementor-element-b365cad\" data-id=\"b365cad\" data-element_type=\"column\">\n\t\t\t<div class=\"elementor-widget-wrap elementor-element-populated\">\n\t\t\t\t\t\t\t\t<div class=\"elementor-element elementor-element-860f441 st_theme elementor-widget elementor-widget-counter\" data-id=\"860f441\" data-element_type=\"widget\" data-widget_type=\"counter.default\">\n\t\t\t\t<div class=\"elementor-widget-container\">\n\t\t\t\t\t<div class=\"elementor-counter\">\n\t\t\t<div class=\"elementor-counter-number-wrapper\">\n\t\t\t\t<span class=\"elementor-counter-number-prefix\"><\/span>\n\t\t\t\t<span class=\"elementor-counter-number\" data-duration=\"2000\" data-to-value=\"3800\" data-from-value=\"0\" data-delimiter=\",\">0<\/span>\n\t\t\t\t<span class=\"elementor-counter-number-suffix\"> +<\/span>\n\t\t\t<\/div>\n\t\t\t\t\t\t\t<div class=\"elementor-counter-title\">PERSONEL <\/div>\n\t\t\t\t\t<\/div>\n\t\t\t\t<\/div>\n\t\t\t\t<\/div>\n\t\t\t\t\t<\/div>\n\t\t<\/div>\n\t\t\t\t<div class=\"elementor-column elementor-col-25 elementor-inner-column elementor-element elementor-element-6322096\" data-id=\"6322096\" data-element_type=\"column\">\n\t\t\t<div class=\"elementor-widget-wrap elementor-element-populated\">\n\t\t\t\t\t\t\t\t<div class=\"elementor-element elementor-element-cceae10 st_theme elementor-widget elementor-widget-counter\" data-id=\"cceae10\" data-element_type=\"widget\" data-widget_type=\"counter.default\">\n\t\t\t\t<div class=\"elementor-widget-container\">\n\t\t\t\t\t<div class=\"elementor-counter\">\n\t\t\t<div class=\"elementor-counter-number-wrapper\">\n\t\t\t\t<span class=\"elementor-counter-number-prefix\"><\/span>\n\t\t\t\t<span class=\"elementor-counter-number\" data-duration=\"2000\" data-to-value=\"28\" data-from-value=\"0\" data-delimiter=\",\">0<\/span>\n\t\t\t\t<span class=\"elementor-counter-number-suffix\"> +<\/span>\n\t\t\t<\/div>\n\t\t\t\t\t\t\t<div class=\"elementor-counter-title\">YIL DENEY\u0130M<\/div>\n\t\t\t\t\t<\/div>\n\t\t\t\t<\/div>\n\t\t\t\t<\/div>\n\t\t\t\t\t<\/div>\n\t\t<\/div>\n\t\t\t\t<div class=\"elementor-column elementor-col-25 elementor-inner-column elementor-element elementor-element-17be883\" data-id=\"17be883\" data-element_type=\"column\">\n\t\t\t<div class=\"elementor-widget-wrap elementor-element-populated\">\n\t\t\t\t\t\t\t\t<div class=\"elementor-element elementor-element-ca6e6e7 st_theme elementor-widget elementor-widget-counter\" data-id=\"ca6e6e7\" data-element_type=\"widget\" data-widget_type=\"counter.default\">\n\t\t\t\t<div class=\"elementor-widget-container\">\n\t\t\t\t\t<div class=\"elementor-counter\">\n\t\t\t<div class=\"elementor-counter-number-wrapper\">\n\t\t\t\t<span class=\"elementor-counter-number-prefix\"><\/span>\n\t\t\t\t<span class=\"elementor-counter-number\" data-duration=\"2000\" data-to-value=\"97\" data-from-value=\"0\" data-delimiter=\",\">0<\/span>\n\t\t\t\t<span class=\"elementor-counter-number-suffix\"> %<\/span>\n\t\t\t<\/div>\n\t\t\t\t\t\t\t<div class=\"elementor-counter-title\">BA\u015eARI ORANI<\/div>\n\t\t\t\t\t<\/div>\n\t\t\t\t<\/div>\n\t\t\t\t<\/div>\n\t\t\t\t\t<\/div>\n\t\t<\/div>\n\t\t\t\t\t\t\t<\/div>\n\t\t<\/section>\n\t\t\t\t\t<\/div>\n\t\t<\/div>\n\t\t\t\t<div class=\"elementor-column elementor-col-50 elementor-top-column elementor-element elementor-element-9c11d30 elementor-hidden-tablet elementor-hidden-phone\" data-id=\"9c11d30\" data-element_type=\"column\">\n\t\t\t<div class=\"elementor-widget-wrap\">\n\t\t\t\t\t\t\t\t\t<\/div>\n\t\t<\/div>\n\t\t\t\t\t\t\t<\/div>\n\t\t<\/section>\n\t\t\t\t<section class=\"elementor-section elementor-top-section elementor-element elementor-element-3188006d elementor-section-boxed elementor-section-height-default elementor-section-height-default\" data-id=\"3188006d\" data-element_type=\"section\" data-settings=\"{&quot;background_background&quot;:&quot;classic&quot;}\">\n\t\t\t\t\t\t<div class=\"elementor-container elementor-column-gap-default\">\n\t\t\t\t\t<div class=\"elementor-column elementor-col-100 elementor-top-column elementor-element elementor-element-167c2a45\" data-id=\"167c2a45\" data-element_type=\"column\">\n\t\t\t<div class=\"elementor-widget-wrap elementor-element-populated\">\n\t\t\t\t\t\t\t\t<div class=\"elementor-element elementor-element-26df776 elementor-widget-divider--view-line elementor-widget elementor-widget-divider\" data-id=\"26df776\" data-element_type=\"widget\" data-widget_type=\"divider.default\">\n\t\t\t\t<div class=\"elementor-widget-container\">\n\t\t\t\t\t<div class=\"elementor-divider\">\n\t\t\t<span class=\"elementor-divider-separator\">\n\t\t\t\t\t\t<\/span>\n\t\t<\/div>\n\t\t\t\t<\/div>\n\t\t\t\t<\/div>\n\t\t\t\t<div class=\"elementor-element elementor-element-274349b9 elementor-invisible elementor-widget elementor-widget-heading\" data-id=\"274349b9\" data-element_type=\"widget\" data-settings=\"{&quot;_animation&quot;:&quot;fadeIn&quot;}\" data-widget_type=\"heading.default\">\n\t\t\t\t<div class=\"elementor-widget-container\">\n\t\t\t<h2 class=\"elementor-heading-title elementor-size-default\">BASIN ODASI<\/h2>\t\t<\/div>\n\t\t\t\t<\/div>\n\t\t\t\t<section class=\"elementor-section elementor-inner-section elementor-element elementor-element-4c5cfee6 elementor-section-boxed elementor-section-height-default elementor-section-height-default elementor-invisible\" data-id=\"4c5cfee6\" data-element_type=\"section\" data-settings=\"{&quot;animation&quot;:&quot;fadeInUp&quot;}\">\n\t\t\t\t\t\t<div class=\"elementor-container elementor-column-gap-default\">\n\t\t\t\t\t<div class=\"elementor-column elementor-col-33 elementor-inner-column elementor-element elementor-element-110d08d5\" data-id=\"110d08d5\" data-element_type=\"column\" data-settings=\"{&quot;background_background&quot;:&quot;classic&quot;}\">\n\t\t\t<div class=\"elementor-widget-wrap elementor-element-populated\">\n\t\t\t\t\t\t\t\t<div class=\"elementor-element elementor-element-a4b45e4 elementor-view-default elementor-widget elementor-widget-icon\" data-id=\"a4b45e4\" data-element_type=\"widget\" data-widget_type=\"icon.default\">\n\t\t\t\t<div class=\"elementor-widget-container\">\n\t\t\t\t\t<div class=\"elementor-icon-wrapper\">\n\t\t\t<div class=\"elementor-icon\">\n\t\t\t<i aria-hidden=\"true\" class=\"far fa-newspaper\"><\/i>\t\t\t<\/div>\n\t\t<\/div>\n\t\t\t\t<\/div>\n\t\t\t\t<\/div>\n\t\t\t\t<div class=\"elementor-element elementor-element-4e4c83ca elementor-position-top elementor-vertical-align-top elementor-widget elementor-widget-image-box\" data-id=\"4e4c83ca\" data-element_type=\"widget\" data-widget_type=\"image-box.default\">\n\t\t\t\t<div class=\"elementor-widget-container\">\n\t\t\t<div class=\"elementor-image-box-wrapper\"><div class=\"elementor-image-box-content\"><h3 class=\"elementor-image-box-title\">Anfa G\u00fcvenlik B\u00fclten<\/h3><p class=\"elementor-image-box-description\">Aktivitelermiz hakk\u0131nda bas\u0131n b\u00fcltenlerine ula\u015fabilir, yaz\u0131l\u0131, g\u00f6rsel ve i\u015fitsel bas\u0131nda kullanabilirsiniz.<\/p><\/div><\/div>\t\t<\/div>\n\t\t\t\t<\/div>\n\t\t\t\t\t<\/div>\n\t\t<\/div>\n\t\t\t\t<div class=\"elementor-column elementor-col-33 elementor-inner-column elementor-element elementor-element-1546846a\" data-id=\"1546846a\" data-element_type=\"column\" data-settings=\"{&quot;background_background&quot;:&quot;classic&quot;}\">\n\t\t\t<div class=\"elementor-widget-wrap elementor-element-populated\">\n\t\t\t\t\t\t\t\t<div class=\"elementor-element elementor-element-2f79f389 elementor-view-default elementor-widget elementor-widget-icon\" data-id=\"2f79f389\" data-element_type=\"widget\" data-widget_type=\"icon.default\">\n\t\t\t\t<div class=\"elementor-widget-container\">\n\t\t\t\t\t<div class=\"elementor-icon-wrapper\">\n\t\t\t<div class=\"elementor-icon\">\n\t\t\t<i aria-hidden=\"true\" class=\"far fa-file-video\"><\/i>\t\t\t<\/div>\n\t\t<\/div>\n\t\t\t\t<\/div>\n\t\t\t\t<\/div>\n\t\t\t\t<div class=\"elementor-element elementor-element-23539c75 elementor-position-top elementor-vertical-align-top elementor-widget elementor-widget-image-box\" data-id=\"23539c75\" data-element_type=\"widget\" data-widget_type=\"image-box.default\">\n\t\t\t\t<div class=\"elementor-widget-container\">\n\t\t\t<div class=\"elementor-image-box-wrapper\"><div class=\"elementor-image-box-content\"><h3 class=\"elementor-image-box-title\">Tan\u0131t\u0131m Filmleri<\/h3><p class=\"elementor-image-box-description\">\u015eirketimize ait t\u00fcm televizyon reklam filmlerini ve kurumsal tan\u0131t\u0131m videolar\u0131n\u0131 bu b\u00f6l\u00fcmden izleyebilirsiniz.\n<br>\n<br>\n\n<\/p><\/div><\/div>\t\t<\/div>\n\t\t\t\t<\/div>\n\t\t\t\t\t<\/div>\n\t\t<\/div>\n\t\t\t\t<div class=\"elementor-column elementor-col-33 elementor-inner-column elementor-element elementor-element-7855b45d\" data-id=\"7855b45d\" data-element_type=\"column\" data-settings=\"{&quot;background_background&quot;:&quot;classic&quot;}\">\n\t\t\t<div class=\"elementor-widget-wrap elementor-element-populated\">\n\t\t\t\t\t\t\t\t<div class=\"elementor-element elementor-element-a5c888f elementor-view-default elementor-widget elementor-widget-icon\" data-id=\"a5c888f\" data-element_type=\"widget\" data-widget_type=\"icon.default\">\n\t\t\t\t<div class=\"elementor-widget-container\">\n\t\t\t\t\t<div class=\"elementor-icon-wrapper\">\n\t\t\t<div class=\"elementor-icon\">\n\t\t\t<i aria-hidden=\"true\" class=\"fas fa-tv\"><\/i>\t\t\t<\/div>\n\t\t<\/div>\n\t\t\t\t<\/div>\n\t\t\t\t<\/div>\n\t\t\t\t<div class=\"elementor-element elementor-element-33432c69 elementor-position-top elementor-vertical-align-top elementor-widget elementor-widget-image-box\" data-id=\"33432c69\" data-element_type=\"widget\" data-widget_type=\"image-box.default\">\n\t\t\t\t<div class=\"elementor-widget-container\">\n\t\t\t<div class=\"elementor-image-box-wrapper\"><div class=\"elementor-image-box-content\"><h3 class=\"elementor-image-box-title\">Medyada Biz<\/h3><p class=\"elementor-image-box-description\">Yaz\u0131l\u0131 bas\u0131nda ve sekt\u00f6r dergilerinde \u00e7\u0131km\u0131\u015f t\u00fcm haberlerimize buradan ula\u015fabilirsiniz.\n<br>\n<br>\n\n<\/p><\/div><\/div>\t\t<\/div>\n\t\t\t\t<\/div>\n\t\t\t\t\t<\/div>\n\t\t<\/div>\n\t\t\t\t\t\t\t<\/div>\n\t\t<\/section>\n\t\t\t\t\t<\/div>\n\t\t<\/div>\n\t\t\t\t\t\t\t<\/div>\n\t\t<\/section>\n\t\t\t\t\t\t<\/div>\n\t\t\t\t\t<\/div>\n\t\t","protected":false},"excerpt":{"rendered":"<p>Hakk\u0131m\u0131zda Belediye Ba\u015fkan\u0131 Genel M\u00fcd\u00fcr Y\u00f6netim Misyon &#038; Vizyon Kalite Politikam\u0131z Misyonumuz ANFA G\u00fcvenlik, hizmet alanlar\u0131nda \u00e7a\u011fda\u015f de\u011ferlere ba\u011fl\u0131, ziyaret\u00e7ilerin can ve mal g\u00fcvenli\u011fini koruma, kamu mallar\u0131n\u0131n g\u00fcvenli\u011fini sa\u011flama ve \u00f6zel g\u00fcvenlik sertifikas\u0131 almak isteyen kursiyerimize uzman kadrosu ile nitelikli e\u011fitim vermek i\u00e7in kurulmu\u015f Ankara B\u00fcy\u00fck\u015fehir Belediyesi i\u015ftirakidir. Vizyonumuz ANFA G\u00fcvenlik, \u00d6zel G\u00fcvenlik Hizmetlerinde ve &hellip; <br \/><a href=\"https:\/\/www.anfaguvenlik.com.tr\/?page_id=2415\" class=\"more-link\">Continue reading <span class=\"screen-reader-text\">Misyon &#038; Vizyon<\/span><\/a><\/p>\n","protected":false},"author":1,"featured_media":0,"parent":0,"menu_order":0,"comment_status":"closed","ping_status":"closed","template":"","meta":{"footnotes":""},"class_list":["post-2415","page","type-page","status-publish","hentry"],"_links":{"self":[{"href":"https:\/\/www.anfaguvenlik.com.tr\/index.php?rest_route=\/wp\/v2\/pages\/2415","targetHints":{"allow":["GET"]}}],"collection":[{"href":"https:\/\/www.anfaguvenlik.com.tr\/index.php?rest_route=\/wp\/v2\/pages"}],"about":[{"href":"https:\/\/www.anfaguvenlik.com.tr\/index.php?rest_route=\/wp\/v2\/types\/page"}],"author":[{"embeddable":true,"href":"https:\/\/www.anfaguvenlik.com.tr\/index.php?rest_route=\/wp\/v2\/users\/1"}],"replies":[{"embeddable":true,"href":"https:\/\/www.anfaguvenlik.com.tr\/index.php?rest_route=%2Fwp%2Fv2%2Fcomments&post=2415"}],"version-history":[{"count":36,"href":"https:\/\/www.anfaguvenlik.com.tr\/index.php?rest_route=\/wp\/v2\/pages\/2415\/revisions"}],"predecessor-version":[{"id":3472,"href":"https:\/\/www.anfaguvenlik.com.tr\/index.php?rest_route=\/wp\/v2\/pages\/2415\/revisions\/3472"}],"wp:attachment":[{"href":"https:\/\/www.anfaguvenlik.com.tr\/index.php?rest_route=%2Fwp%2Fv2%2Fmedia&parent=2415"}],"curies":[{"name":"wp","href":"https:\/\/api.w.org\/{rel}","templated":true}]}}